{"id":111,"date":"2020-01-22T22:27:15","date_gmt":"2020-01-22T21:27:15","guid":{"rendered":"http:\/\/localhost\/wp-erim\/wordpress\/?page_id=111"},"modified":"2024-03-10T12:43:26","modified_gmt":"2024-03-10T11:43:26","slug":"suradnici","status":"publish","type":"page","link":"https:\/\/erim.ief.hr\/en\/suradnici\/","title":{"rendered":"researchers"},"content":{"rendered":"<div class=\"wp-block-columns\">\n<div class=\"wp-block-column\">\n<div class=\"wp-block-image\"><figure class=\"aligncenter size-large is-resized\"><a href=\"https:\/\/erim.ief.hr\/en\/dr-sc-marijana-hamersak-voditeljica-projekta\/\" target=\"_blank\" rel=\"http:\/\/erim.ief.hr\/dr-sc-marijana-hamersak-voditeljica-projekta\/ noopener noreferrer\"><img loading=\"lazy\" src=\"http:\/\/erim.ief.hr\/wp-content\/uploads\/2020\/01\/Marijana-Hamersak-xy-2.jpg\" alt=\"\" class=\"wp-image-275\" width=\"314\" height=\"249\" srcset=\"https:\/\/erim.ief.hr\/wp-content\/uploads\/2020\/01\/Marijana-Hamersak-xy-2.jpg 620w, https:\/\/erim.ief.hr\/wp-content\/uploads\/2020\/01\/Marijana-Hamersak-xy-2-300x238.jpg 300w, https:\/\/erim.ief.hr\/wp-content\/uploads\/2020\/01\/Marijana-Hamersak-xy-2-15x12.jpg 15w, https:\/\/erim.ief.hr\/wp-content\/uploads\/2020\/01\/Marijana-Hamersak-xy-2-177x140.jpg 177w, https:\/\/erim.ief.hr\/wp-content\/uploads\/2020\/01\/Marijana-Hamersak-xy-2-450x356.jpg 450w, https:\/\/erim.ief.hr\/wp-content\/uploads\/2020\/01\/Marijana-Hamersak-xy-2-265x210.jpg 265w\" sizes=\"(max-width: 314px) 100vw, 314px\" \/><\/a><figcaption><a href=\"https:\/\/erim.ief.hr\/en\/dr-sc-marijana-hamersak-voditeljica-projekta\/\" target=\"_blank\" rel=\"noreferrer noopener\">dr. sc. Marijana Hamer\u0161ak<\/a><\/figcaption><\/figure><\/div>\n<\/div>\n\n\n\n<div class=\"wp-block-column\">\n<div class=\"wp-block-image\"><figure class=\"aligncenter size-large is-resized\"><a href=\"https:\/\/erim.ief.hr\/en\/teodora-jovanovic\/\" target=\"_blank\" rel=\"https:\/\/erim.ief.hr\/teodora-jovanovic\/ noopener noreferrer\"><img loading=\"lazy\" src=\"https:\/\/erim.ief.hr\/wp-content\/uploads\/2020\/07\/Teodora-Jovanovic-3-768x1024.jpg\" alt=\"\" class=\"wp-image-719\" width=\"234\" height=\"312\"\/><\/a><figcaption><a href=\"https:\/\/erim.ief.hr\/en\/teodora-jovanovic\/\" target=\"_blank\" rel=\"noreferrer noopener\">Teodora Jovanovi\u0107<\/a><\/figcaption><\/figure><\/div>\n<\/div>\n<\/div>\n\n\n\n<div class=\"wp-block-columns\">\n<div class=\"wp-block-column\">\n<div class=\"wp-block-group\"><div class=\"wp-block-group__inner-container\">\n<div class=\"wp-block-group\"><div class=\"wp-block-group__inner-container\"><\/div><\/div>\n<\/div><\/div>\n\n\n\n<div class=\"wp-block-image\"><figure class=\"aligncenter size-large is-resized\"><a href=\"https:\/\/erim.ief.hr\/en\/dr-sc-ursula-lipovec-cebron\/\" target=\"_blank\" rel=\"http:\/\/erim.ief.hr\/dr-sc-ursula-lipovec-cebron\/ noopener noreferrer\"><img loading=\"lazy\" src=\"http:\/\/erim.ief.hr\/wp-content\/uploads\/2020\/04\/Ursula-Lipovec-Cebron.jpg\" alt=\"\" class=\"wp-image-556\" width=\"307\" height=\"204\" srcset=\"https:\/\/erim.ief.hr\/wp-content\/uploads\/2020\/04\/Ursula-Lipovec-Cebron.jpg 276w, https:\/\/erim.ief.hr\/wp-content\/uploads\/2020\/04\/Ursula-Lipovec-Cebron-18x12.jpg 18w, https:\/\/erim.ief.hr\/wp-content\/uploads\/2020\/04\/Ursula-Lipovec-Cebron-211x140.jpg 211w\" sizes=\"(max-width: 307px) 100vw, 307px\" \/><\/a><figcaption><a href=\"https:\/\/erim.ief.hr\/en\/dr-sc-ursula-lipovec-cebron\/\" target=\"_blank\" rel=\"noreferrer noopener\">dr. sc. Ur\u0161ula Lipovec \u010cebron<\/a><\/figcaption><\/figure><\/div>\n\n\n\n<div class=\"wp-block-image\"><figure class=\"aligncenter size-large is-resized\"><a href=\"https:\/\/erim.ief.hr\/en\/bojan-mucko\/\" target=\"_blank\" rel=\"noopener noreferrer\"><img loading=\"lazy\" src=\"http:\/\/erim.ief.hr\/wp-content\/uploads\/2020\/10\/Bojan-Mucko-1024x576.jpg\" alt=\"\" class=\"wp-image-981\" width=\"300\" height=\"168\"\/><\/a><figcaption><a href=\"https:\/\/erim.ief.hr\/en\/bojan-mucko\/\" target=\"_blank\" rel=\"noreferrer noopener\">Bojan Mucko<\/a><\/figcaption><\/figure><\/div>\n\n\n\n<div class=\"wp-block-image is-style-default\"><figure class=\"aligncenter size-large is-resized\"><img loading=\"lazy\" src=\"http:\/\/erim.ief.hr\/wp-content\/uploads\/2020\/01\/Dusko-Petrovic-1.jpg\" alt=\"\" class=\"wp-image-277\" width=\"-462\" height=\"-328\" srcset=\"https:\/\/erim.ief.hr\/wp-content\/uploads\/2020\/01\/Dusko-Petrovic-1.jpg 748w, https:\/\/erim.ief.hr\/wp-content\/uploads\/2020\/01\/Dusko-Petrovic-1-300x213.jpg 300w, https:\/\/erim.ief.hr\/wp-content\/uploads\/2020\/01\/Dusko-Petrovic-1-18x12.jpg 18w, https:\/\/erim.ief.hr\/wp-content\/uploads\/2020\/01\/Dusko-Petrovic-1-197x140.jpg 197w, https:\/\/erim.ief.hr\/wp-content\/uploads\/2020\/01\/Dusko-Petrovic-1-450x319.jpg 450w, https:\/\/erim.ief.hr\/wp-content\/uploads\/2020\/01\/Dusko-Petrovic-1-296x210.jpg 296w\" sizes=\"(max-width: 748px) 100vw, 748px\" \/><figcaption><a href=\"https:\/\/erim.ief.hr\/en\/dusko-petrovic\/\" target=\"_blank\" rel=\"noreferrer noopener\">dr. sc. Du\u0161ko Petrovi\u0107<\/a><\/figcaption><\/figure><\/div>\n\n\n\n<div class=\"wp-block-image is-style-default\"><figure class=\"aligncenter size-large\"><img loading=\"lazy\" width=\"280\" height=\"270\" src=\"http:\/\/erim.ief.hr\/wp-content\/uploads\/2020\/01\/Mojca-Piskor.jpg\" alt=\"\" class=\"wp-image-363\" srcset=\"https:\/\/erim.ief.hr\/wp-content\/uploads\/2020\/01\/Mojca-Piskor.jpg 280w, https:\/\/erim.ief.hr\/wp-content\/uploads\/2020\/01\/Mojca-Piskor-12x12.jpg 12w, https:\/\/erim.ief.hr\/wp-content\/uploads\/2020\/01\/Mojca-Piskor-145x140.jpg 145w, https:\/\/erim.ief.hr\/wp-content\/uploads\/2020\/01\/Mojca-Piskor-218x210.jpg 218w\" sizes=\"(max-width: 280px) 100vw, 280px\" \/><figcaption><a href=\"https:\/\/erim.ief.hr\/en\/dr-sc-mojca-piskor\/\" target=\"_blank\" rel=\"noreferrer noopener\">dr. sc. Mojca Pi\u0161kor<\/a><\/figcaption><\/figure><\/div>\n\n\n\n<div class=\"wp-block-image\"><figure class=\"aligncenter size-large is-resized\"><a href=\"https:\/\/erim.ief.hr\/en\/publikacije\/clanci\/romana-pozniak\/\" target=\"_blank\" rel=\"http:\/\/erim.ief.hr\/romana-pozniak\/ noopener noreferrer\"><img loading=\"lazy\" src=\"https:\/\/www.okus-doma.hr\/system\/post\/image\/133\/romi_web_OD.jpg\" alt=\"\" width=\"240\" height=\"256\"\/><\/a><figcaption><a href=\"https:\/\/erim.ief.hr\/en\/publikacije\/clanci\/romana-pozniak\/\" target=\"_blank\" rel=\"noreferrer noopener\">Romana Pozniak<\/a><\/figcaption><\/figure><\/div>\n\n\n\n<p><\/p>\n<\/div>\n\n\n\n<div class=\"wp-block-column is-vertically-aligned-top\">\n<div class=\"wp-block-group\"><div class=\"wp-block-group__inner-container\"><\/div><\/div>\n\n\n\n<div class=\"wp-block-image is-style-default\"><figure class=\"aligncenter size-large is-resized\"><a href=\"https:\/\/erim.ief.hr\/en\/dr-sc-marta-stojic-mitrovic\/\" target=\"_blank\" rel=\"http:\/\/erim.ief.hr\/dr-sc-marta-stojic-mitrovic\/ noopener noreferrer\"><img loading=\"lazy\" src=\"http:\/\/erim.ief.hr\/wp-content\/uploads\/2020\/01\/Marta-Stojic-Mitrovic.jpg\" alt=\"\" class=\"wp-image-380\" width=\"261\" height=\"261\" srcset=\"https:\/\/erim.ief.hr\/wp-content\/uploads\/2020\/01\/Marta-Stojic-Mitrovic.jpg 225w, https:\/\/erim.ief.hr\/wp-content\/uploads\/2020\/01\/Marta-Stojic-Mitrovic-150x150.jpg 150w, https:\/\/erim.ief.hr\/wp-content\/uploads\/2020\/01\/Marta-Stojic-Mitrovic-12x12.jpg 12w, https:\/\/erim.ief.hr\/wp-content\/uploads\/2020\/01\/Marta-Stojic-Mitrovic-140x140.jpg 140w, https:\/\/erim.ief.hr\/wp-content\/uploads\/2020\/01\/Marta-Stojic-Mitrovic-210x210.jpg 210w\" sizes=\"(max-width: 261px) 100vw, 261px\" \/><\/a><figcaption><a href=\"https:\/\/erim.ief.hr\/en\/dr-sc-marta-stojic-mitrovic\/\" target=\"_blank\" rel=\"noreferrer noopener\">dr. sc. Marta Stoji\u0107 Mitrovi\u0107<\/a><\/figcaption><\/figure><\/div>\n\n\n\n<div class=\"wp-block-image\"><figure class=\"aligncenter size-large is-resized\"><a href=\"https:\/\/erim.ief.hr\/en\/dr-sc-iva-plese\/\" target=\"_blank\" rel=\"noopener noreferrer\"><img loading=\"lazy\" src=\"http:\/\/erim.ief.hr\/wp-content\/uploads\/2020\/09\/Iva-Plese-576x1024.jpg\" alt=\"\" class=\"wp-image-842\" width=\"218\" height=\"387\"\/><\/a><figcaption><a href=\"https:\/\/erim.ief.hr\/en\/dr-sc-iva-plese\/\" target=\"_blank\" rel=\"noreferrer noopener\">dr. sc. Iva Ple\u0161e<\/a><\/figcaption><\/figure><\/div>\n\n\n\n<div class=\"wp-block-image is-style-default\"><figure class=\"aligncenter size-large is-resized\"><a href=\"https:\/\/erim.ief.hr\/en\/dr-sc-tea-skokic\/\" target=\"_blank\" rel=\"http:\/\/erim.ief.hr\/dr-sc-tea-skokic\/ noopener noreferrer\"><img loading=\"lazy\" src=\"http:\/\/erim.ief.hr\/wp-content\/uploads\/2020\/04\/Tea-\u0160koki\u0107.jpg\" alt=\"\" class=\"wp-image-560\" width=\"320\" height=\"212\"\/><\/a><figcaption><a href=\"https:\/\/erim.ief.hr\/en\/dr-sc-tea-skokic\/\" target=\"_blank\" rel=\"noreferrer noopener\">dr. sc. Tea \u0160koki\u0107<\/a><\/figcaption><\/figure><\/div>\n\n\n\n<div class=\"wp-block-image is-style-default\"><figure class=\"aligncenter size-large is-resized\"><a href=\"https:\/\/erim.ief.hr\/en\/dr-sc-drago-zuparic-iljic\/\" target=\"_blank\" rel=\"http:\/\/erim.ief.hr\/dr-sc-drago-zuparic-iljic\/ noopener noreferrer\"><img loading=\"lazy\" src=\"https:\/\/www.portalnovosti.com\/img\/media\/image\/ayvovhiva4bq3oadx3j47wiefz1.jpg\" alt=\"\" width=\"330\" height=\"205\"\/><\/a><figcaption><a href=\"https:\/\/erim.ief.hr\/en\/dr-sc-drago-zuparic-iljic\/\" target=\"_blank\" rel=\"noreferrer noopener\">dr. sc. Drago \u017dupari\u0107-Ilji\u0107<\/a><\/figcaption><\/figure><\/div>\n\n\n\n<div class=\"wp-block-image\"><figure class=\"aligncenter size-large is-resized\"><a href=\"https:\/\/erim.ief.hr\/en\/dr-sc-jelka-zorn\/\" target=\"_blank\" rel=\"http:\/\/erim.ief.hr\/dr-sc-jelka-zorn\/ noopener noreferrer\"><img loading=\"lazy\" src=\"http:\/\/erim.ief.hr\/wp-content\/uploads\/2020\/01\/Jelka-Zorn.jpg\" alt=\"\" class=\"wp-image-384\" width=\"251\" height=\"225\" srcset=\"https:\/\/erim.ief.hr\/wp-content\/uploads\/2020\/01\/Jelka-Zorn.jpg 400w, https:\/\/erim.ief.hr\/wp-content\/uploads\/2020\/01\/Jelka-Zorn-300x270.jpg 300w, https:\/\/erim.ief.hr\/wp-content\/uploads\/2020\/01\/Jelka-Zorn-13x12.jpg 13w, https:\/\/erim.ief.hr\/wp-content\/uploads\/2020\/01\/Jelka-Zorn-156x140.jpg 156w, https:\/\/erim.ief.hr\/wp-content\/uploads\/2020\/01\/Jelka-Zorn-233x210.jpg 233w\" sizes=\"(max-width: 251px) 100vw, 251px\" \/><\/a><figcaption><a href=\"https:\/\/erim.ief.hr\/en\/dr-sc-jelka-zorn\/\" target=\"_blank\" rel=\"noreferrer noopener\">dr. sc. Jelka Zorn<\/a><\/figcaption><\/figure><\/div>\n\n\n\n<p><\/p>\n<\/div>\n<\/div>","protected":false},"excerpt":{"rendered":"","protected":false},"author":1,"featured_media":0,"parent":0,"menu_order":0,"comment_status":"closed","ping_status":"closed","template":"","meta":{"_monsterinsights_skip_tracking":false,"_monsterinsights_sitenote_active":false,"_monsterinsights_sitenote_note":"","_monsterinsights_sitenote_category":0,"kk_blocks_editor_width":"","_kiokenblocks_attr":"","_kiokenblocks_dimensions":""},"aioseo_notices":[],"_links":{"self":[{"href":"https:\/\/erim.ief.hr\/en\/wp-json\/wp\/v2\/pages\/111"}],"collection":[{"href":"https:\/\/erim.ief.hr\/en\/wp-json\/wp\/v2\/pages"}],"about":[{"href":"https:\/\/erim.ief.hr\/en\/wp-json\/wp\/v2\/types\/page"}],"author":[{"embeddable":true,"href":"https:\/\/erim.ief.hr\/en\/wp-json\/wp\/v2\/users\/1"}],"replies":[{"embeddable":true,"href":"https:\/\/erim.ief.hr\/en\/wp-json\/wp\/v2\/comments?post=111"}],"version-history":[{"count":73,"href":"https:\/\/erim.ief.hr\/en\/wp-json\/wp\/v2\/pages\/111\/revisions"}],"predecessor-version":[{"id":3422,"href":"https:\/\/erim.ief.hr\/en\/wp-json\/wp\/v2\/pages\/111\/revisions\/3422"}],"wp:attachment":[{"href":"https:\/\/erim.ief.hr\/en\/wp-json\/wp\/v2\/media?parent=111"}],"curies":[{"name":"wp","href":"https:\/\/api.w.org\/{rel}","templated":true}]}}