{"id":2302,"date":"2022-04-06T23:35:41","date_gmt":"2022-04-06T21:35:41","guid":{"rendered":"https:\/\/erim.ief.hr\/?page_id=2302"},"modified":"2023-08-16T16:10:45","modified_gmt":"2023-08-16T14:10:45","slug":"e-erim","status":"publish","type":"page","link":"https:\/\/erim.ief.hr\/en\/e-erim\/","title":{"rendered":"e-ERIM"},"content":{"rendered":"<p>Na e-erimu se objavljuju kra\u0107i tekstovi o teorijskim i metodolo\u0161kim pojmovima, osobnim imenima, mjestima i gradovima, doga\u0111ajima i svakodnevnim izrazima europskog re\u017eima iregulariziranih migracija na jugoisto\u010dnoj periferiji EU. E-erimom se \u017eeli stru\u010dnoj i \u0161iroj javnosti predstaviti problemski strukturirane te empirijski i teorijski utemeljene pojmove aktualnog re\u017eima iregulariziranih migracija na prostoru oblikovanom proskribiranim i kriminaliziranim migrantskim kretanjima kroz Srbiju, Bosnu i Hercegovinu, Hrvatsku i Sloveniju.<\/p>\n\n\n\n<p>E-erim &nbsp;nastaje u okviru znanstvenoistra\u017eiva\u010dkog projekta ERIM &#8211;&nbsp;<em><a href=\"https:\/\/erim.ief.hr\/en\/\">The European Irregularized Migration Regime at the Periphery of the EU: from Ethnography to Keywords<\/a><\/em>&nbsp;(ERIM, HRZZ 2020-2024)&nbsp;<a href=\"https:\/\/www.ief.hr\/en\/home\/\">The Institute of Ethnology and Folklore Research<\/a>. Osmislili su ga suradnici ERIM-a, znanstvenici vi\u0161e disciplina poput etnologije i kulturne antropologije, socijalnog rada, muzikologije, sociologije, istra\u017eivanja knji\u017eevnosti. Rad na e-erimu zami\u0161ljen je kao kontinuirani i vi\u0161egodi\u0161nji doprinos suradnika na projektu, ali i drugih istra\u017eiva\u010da, kojim \u0107e se \u201ebilje\u017eiti\u201c ne samo manifestacije pojedinog pojma na terenu i u literaturi, nego i istra\u017eiva\u010dki proces u okviru kojeg e-erim nastaje.<\/p>\n\n\n\n<p>E-erim je dostupan putem poveznice: <a href=\"https:\/\/e-erim.ief.hr\/\">https:\/\/e-erim.ief.hr\/<\/a><\/p>","protected":false},"excerpt":{"rendered":"<p>Na e-erimu se objavljuju kra\u0107i tekstovi o teorijskim i metodolo\u0161kim pojmovima, osobnim imenima, mjestima i gradovima, doga\u0111ajima i svakodnevnim izrazima europskog re\u017eima iregulariziranih migracija na jugoisto\u010dnoj periferiji EU. E-erimom &hellip;<\/p>","protected":false},"author":2,"featured_media":0,"parent":0,"menu_order":0,"comment_status":"closed","ping_status":"closed","template":"","meta":{"_monsterinsights_skip_tracking":false,"_monsterinsights_sitenote_active":false,"_monsterinsights_sitenote_note":"","_monsterinsights_sitenote_category":0,"kk_blocks_editor_width":"","_kiokenblocks_attr":"","_kiokenblocks_dimensions":""},"aioseo_notices":[],"_links":{"self":[{"href":"https:\/\/erim.ief.hr\/en\/wp-json\/wp\/v2\/pages\/2302"}],"collection":[{"href":"https:\/\/erim.ief.hr\/en\/wp-json\/wp\/v2\/pages"}],"about":[{"href":"https:\/\/erim.ief.hr\/en\/wp-json\/wp\/v2\/types\/page"}],"author":[{"embeddable":true,"href":"https:\/\/erim.ief.hr\/en\/wp-json\/wp\/v2\/users\/2"}],"replies":[{"embeddable":true,"href":"https:\/\/erim.ief.hr\/en\/wp-json\/wp\/v2\/comments?post=2302"}],"version-history":[{"count":3,"href":"https:\/\/erim.ief.hr\/en\/wp-json\/wp\/v2\/pages\/2302\/revisions"}],"predecessor-version":[{"id":2925,"href":"https:\/\/erim.ief.hr\/en\/wp-json\/wp\/v2\/pages\/2302\/revisions\/2925"}],"wp:attachment":[{"href":"https:\/\/erim.ief.hr\/en\/wp-json\/wp\/v2\/media?parent=2302"}],"curies":[{"name":"wp","href":"https:\/\/api.w.org\/{rel}","templated":true}]}}