{"id":236,"date":"2020-01-26T18:14:00","date_gmt":"2020-01-26T17:14:00","guid":{"rendered":"http:\/\/localhost\/wp-erim\/wordpress\/?page_id=236"},"modified":"2020-09-30T13:05:36","modified_gmt":"2020-09-30T11:05:36","slug":"dr-sc-iva-plese","status":"publish","type":"page","link":"https:\/\/erim.ief.hr\/en\/dr-sc-iva-plese\/","title":{"rendered":"dr. sc. Iva Ple\u0161e"},"content":{"rendered":"<div class=\"wp-block-group\"><div class=\"wp-block-group__inner-container\">\n<div class=\"wp-block-group alignwide\"><div class=\"wp-block-group__inner-container\">\n<div class=\"wp-block-image\"><figure class=\"alignleft is-resized\"><img loading=\"lazy\" src=\"http:\/\/erim.ief.hr\/wp-content\/uploads\/2020\/09\/Iva-Plese-e1600285562245-576x1024.jpg\" alt=\"\" class=\"wp-image-842\" width=\"200\" height=\"356\" srcset=\"https:\/\/erim.ief.hr\/wp-content\/uploads\/2020\/09\/Iva-Plese-e1600285562245-576x1024.jpg 576w, https:\/\/erim.ief.hr\/wp-content\/uploads\/2020\/09\/Iva-Plese-e1600285562245-169x300.jpg 169w, https:\/\/erim.ief.hr\/wp-content\/uploads\/2020\/09\/Iva-Plese-e1600285562245-768x1365.jpg 768w, https:\/\/erim.ief.hr\/wp-content\/uploads\/2020\/09\/Iva-Plese-e1600285562245-864x1536.jpg 864w, https:\/\/erim.ief.hr\/wp-content\/uploads\/2020\/09\/Iva-Plese-e1600285562245-7x12.jpg 7w, https:\/\/erim.ief.hr\/wp-content\/uploads\/2020\/09\/Iva-Plese-e1600285562245-79x140.jpg 79w, https:\/\/erim.ief.hr\/wp-content\/uploads\/2020\/09\/Iva-Plese-e1600285562245-450x800.jpg 450w, https:\/\/erim.ief.hr\/wp-content\/uploads\/2020\/09\/Iva-Plese-e1600285562245.jpg 900w\" sizes=\"(max-width: 200px) 100vw, 200px\" \/><\/figure><\/div>\n<\/div><\/div>\n<\/div><\/div>\n\n\n\n<p class=\" translation-block\">Dr. sc. Iva Ple\u0161e (Rijeka, 1971) graduated in Comparative Literature and Ethnology from the Faculty of Humanities and Social Sciences, University of Zagreb, in 1997. She gained her M.A. (2005) and Ph.D. (2010) from the Department of Ethnology and Cultural Anthropology at the Faculty of Humanities and Social Sciences, University of Zagreb. Since 2001, she has worked at the Institute of Ethnology and Folklore Research, currently as a research associate. She authored the book Pismo, poruka, mejl: etnografija korespondencije (2014) and was a co-editor for two research collections: Etnografije interneta (2004) and Proizvodnja ba\u0161tine: kriti\u010dke studije o nematerijalnoj kulturi (2013). She is the author or co-author of numerous research and professional articles in the field of ethnography of refugeeness, methodology of ethnology and fieldwork in ethnology, ethnography of writing and correspondence, and production of heritage. She collaborated on two projects funded by the Croatian Ministry of Science, Education and Sport: Ethnography of the Contemporary Everyday Life and Processes of Identification (2002 \u2013 2006) and Contemporary Crisis Flows and Formation of Communities and Identities (2007 \u2013 2013) and the project Croatian Intangible Cultural Heritage, social identities and values (2012 \u2013 2014) funded by the Croatian Science Foundation. Since 2016, she has been an research associate for the project Ethnography of Refugeeness: the Croatian Context funded by the Institute of Ethnology and Folklore Research. She lectured at the Department for Art and Restauration of the University of Dubrovnik (2010\/2011 \u2013 2012\/2013). She was a member of the editorial board of the research journal Etnolo\u0161ka tribina (2012 \u2013 2016) and one of the editors of the publication Nova etnografija (2016 \u2013 2018) of the Institute of Ethnology and Folklore Research. She is a member of the Croatian Ethnological Society. She was the president of the Institute of Ethnology and Folklore Research scientific council (2014\/2015), and a council member for several mandates. She was the editor of the Institute of Ethnology and Folklore Research website (2003 \u2013 2006).<\/p>\n\n\n\n<div class=\"wp-block-columns\">\n<div class=\"wp-block-column\">\n<p class=\"has-text-color has-background has-text-align-center has-sitebg-color has-accent-1-background-color\"><strong> piva@ief.hr <\/strong><\/p>\n<\/div>\n\n\n\n<div class=\"wp-block-column\">\n<p class=\"has-text-color has-background has-text-align-center has-sitebg-color has-accent-1-background-color\"><strong><a href=\"https:\/\/www.bib.irb.hr\/pregled\/znanstvenici\/238605\" target=\"_blank\" rel=\"noreferrer noopener\" aria-label=\"Bibliografija (otvara se u novoj kartici)\">Bibliography<\/a><\/strong><\/p>\n<\/div>\n<\/div>","protected":false},"excerpt":{"rendered":"<p>Dr. sc. Iva Ple\u0161e (Rijeka, 1971) diplomirala je komparativnu knji\u017eevnost i etnologiju 1997. godine na Filozofskom fakultetu Sveu\u010dili\u0161ta u Zagrebu te na istom fakultetu magistrirala (2005) i doktorirala (2010) &hellip;<\/p>","protected":false},"author":1,"featured_media":0,"parent":0,"menu_order":0,"comment_status":"closed","ping_status":"closed","template":"","meta":{"_monsterinsights_skip_tracking":false,"_monsterinsights_sitenote_active":false,"_monsterinsights_sitenote_note":"","_monsterinsights_sitenote_category":0,"kk_blocks_editor_width":"","_kiokenblocks_attr":"","_kiokenblocks_dimensions":""},"aioseo_notices":[],"_links":{"self":[{"href":"https:\/\/erim.ief.hr\/en\/wp-json\/wp\/v2\/pages\/236"}],"collection":[{"href":"https:\/\/erim.ief.hr\/en\/wp-json\/wp\/v2\/pages"}],"about":[{"href":"https:\/\/erim.ief.hr\/en\/wp-json\/wp\/v2\/types\/page"}],"author":[{"embeddable":true,"href":"https:\/\/erim.ief.hr\/en\/wp-json\/wp\/v2\/users\/1"}],"replies":[{"embeddable":true,"href":"https:\/\/erim.ief.hr\/en\/wp-json\/wp\/v2\/comments?post=236"}],"version-history":[{"count":8,"href":"https:\/\/erim.ief.hr\/en\/wp-json\/wp\/v2\/pages\/236\/revisions"}],"predecessor-version":[{"id":947,"href":"https:\/\/erim.ief.hr\/en\/wp-json\/wp\/v2\/pages\/236\/revisions\/947"}],"wp:attachment":[{"href":"https:\/\/erim.ief.hr\/en\/wp-json\/wp\/v2\/media?parent=236"}],"curies":[{"name":"wp","href":"https:\/\/api.w.org\/{rel}","templated":true}]}}