{"id":238,"date":"2020-01-26T18:14:38","date_gmt":"2020-01-26T17:14:38","guid":{"rendered":"http:\/\/localhost\/wp-erim\/wordpress\/?page_id=238"},"modified":"2020-06-14T19:23:23","modified_gmt":"2020-06-14T17:23:23","slug":"romana-pozniak","status":"publish","type":"page","link":"https:\/\/erim.ief.hr\/en\/romana-pozniak\/","title":{"rendered":"Romana Pozniak"},"content":{"rendered":"<div class=\"wp-block-image\"><figure class=\"alignleft size-large is-resized\"><img loading=\"lazy\" src=\"https:\/\/www.okus-doma.hr\/system\/post\/image\/133\/romi_web_OD.jpg\" alt=\"\" width=\"316\" height=\"335\"\/><\/figure><\/div>\n\n\n\n<p class=\" translation-block\">Romana Pozniak (Dubrovnik, 1989) graduated in Ethnology and Anthropology at the Faculty of Humanities and Social Sciences, University of Zagreb, with the thesis Constructions of Bodies of Asylum Seekers: Biopolitical Condition of a Refugee Other. At the same faculty, she enrolled in doctoral studies in Ethnology and Cultural Anthropology in 2017. In 2017, she enrolled in the international doctoral school Transformations in European Societies (Ludwig-Maximilians-Universit\u00e4t M\u00fcnchen). She is currently working on her Ph.D. thesis focused on the conceptualization of humanitarian work in non-profit organizations. Her research interests are political anthropology, anthropology of work and the field of humanitarianism and refugee studies. She was a volunteer of the Center for Peace Studies (2013 \u2013 2015) where she did research as part of the project Quality Steps for the Integration of Refugees, oriented towards economical emancipation and social inclusion. In line with that orientation, she, in collaboration with other colleagues, founded the social cooperative Taste of home \/ Okus doma. She participated in numerous professional and research conferences, and gave several public lectures on so-called irregularized migrations and the securitarian-humanitarian politics of asylum. She was a coordinator of the vulnerable groups protection program in the Winter Reception Transit Center in Slavonski Brod (2015 \u2013 2016) and project associate at the International Organization for Migration (2016 \u2013 2018). Since 2018, she has been employed as a doctoral researcher at the Institute of Ethnology and Folklore Research on the project Transformation of Work in Post-transition Croatia (TRANSWORK, 2017-2021) funded by the Croatian Science Foundation.<\/p>\n\n\n\n<div class=\"wp-block-columns\">\n<div class=\"wp-block-column\">\n<p class=\"has-text-color has-background has-text-align-center has-sitebg-color has-accent-1-background-color\"><strong>romanapozniak@ief.hr<\/strong><\/p>\n<\/div>\n\n\n\n<div class=\"wp-block-column\">\n<p class=\"has-text-color has-background has-text-align-center has-sitebg-color has-accent-1-background-color\"><strong><a href=\"http:\/\/bib.irb.hr\/lista-radova?autor=371614\" target=\"_blank\" rel=\"noreferrer noopener\" aria-label=\"Bibliografija (otvara se u novoj kartici)\">Bibliography<\/a><\/strong><\/p>\n<\/div>\n<\/div>","protected":false},"excerpt":{"rendered":"<p>Romana Pozniak (Dubrovnik, 1989) diplomirala je etnologiju i antropologiju na Filozofskom fakultetu Sveu\u010dili\u0161ta u Zagrebu s temom&nbsp;Konstrukcija tijela tra\u017eitelja azila: &nbsp;biopoliti\u010dko stanje izbjegli\u010dkog Drugog.&nbsp; Godine 2017. upisala je poslijediplomski &hellip;<\/p>","protected":false},"author":1,"featured_media":0,"parent":0,"menu_order":0,"comment_status":"closed","ping_status":"closed","template":"","meta":{"_monsterinsights_skip_tracking":false,"_monsterinsights_sitenote_active":false,"_monsterinsights_sitenote_note":"","_monsterinsights_sitenote_category":0,"kk_blocks_editor_width":"","_kiokenblocks_attr":"","_kiokenblocks_dimensions":""},"aioseo_notices":[],"_links":{"self":[{"href":"https:\/\/erim.ief.hr\/en\/wp-json\/wp\/v2\/pages\/238"}],"collection":[{"href":"https:\/\/erim.ief.hr\/en\/wp-json\/wp\/v2\/pages"}],"about":[{"href":"https:\/\/erim.ief.hr\/en\/wp-json\/wp\/v2\/types\/page"}],"author":[{"embeddable":true,"href":"https:\/\/erim.ief.hr\/en\/wp-json\/wp\/v2\/users\/1"}],"replies":[{"embeddable":true,"href":"https:\/\/erim.ief.hr\/en\/wp-json\/wp\/v2\/comments?post=238"}],"version-history":[{"count":8,"href":"https:\/\/erim.ief.hr\/en\/wp-json\/wp\/v2\/pages\/238\/revisions"}],"predecessor-version":[{"id":660,"href":"https:\/\/erim.ief.hr\/en\/wp-json\/wp\/v2\/pages\/238\/revisions\/660"}],"wp:attachment":[{"href":"https:\/\/erim.ief.hr\/en\/wp-json\/wp\/v2\/media?parent=238"}],"curies":[{"name":"wp","href":"https:\/\/api.w.org\/{rel}","templated":true}]}}