{"id":240,"date":"2020-01-26T18:15:33","date_gmt":"2020-01-26T17:15:33","guid":{"rendered":"http:\/\/localhost\/wp-erim\/wordpress\/?page_id=240"},"modified":"2023-07-05T15:36:31","modified_gmt":"2023-07-05T13:36:31","slug":"dr-sc-tea-skokic","status":"publish","type":"page","link":"https:\/\/erim.ief.hr\/en\/dr-sc-tea-skokic\/","title":{"rendered":"dr. sc. Tea \u0160koki\u0107"},"content":{"rendered":"<div class=\"wp-block-image\"><figure class=\"alignleft size-large\"><img loading=\"lazy\" width=\"331\" height=\"445\" src=\"https:\/\/erim.ief.hr\/wp-content\/uploads\/2023\/07\/Tea-Sokic.jpg\" alt=\"\" class=\"wp-image-3045\" srcset=\"https:\/\/erim.ief.hr\/wp-content\/uploads\/2023\/07\/Tea-Sokic.jpg 331w, https:\/\/erim.ief.hr\/wp-content\/uploads\/2023\/07\/Tea-Sokic-223x300.jpg 223w, https:\/\/erim.ief.hr\/wp-content\/uploads\/2023\/07\/Tea-Sokic-9x12.jpg 9w, https:\/\/erim.ief.hr\/wp-content\/uploads\/2023\/07\/Tea-Sokic-104x140.jpg 104w, https:\/\/erim.ief.hr\/wp-content\/uploads\/2023\/07\/Tea-Sokic-156x210.jpg 156w\" sizes=\"(max-width: 331px) 100vw, 331px\" \/><\/figure><\/div>\n\n\n\n<p>Tea \u0160koki\u0107 (Zagreb, 1970) graduated in Comparative Literature and Ethnology from the Faculty of Humanities and Social Sciences, University of Zagreb, in 1995. She gained her M.A. and Ph.D. from the same faculty at the Department of the Ethnology and Cultural Anthropology. Since 1996, she has been employed at the Institute of the Ethnology and Folklore Research, currently as a senior research associate. She has published two books, Ljubavni kod: ljubav i seksualnost izme\u0111u tradicije i znanosti (2011) and Polutani dugog trajanja: balkanisti\u010dki diskursi (2014, co-author Andrea Mato\u0161evi\u0107). She has co-edited the research collections Izme\u0111u roda i naroda: etnolo\u0161ke i folkloristi\u010dke studije (2004), Split i drugi: kulturnoantropolo\u0161ki i kulturnostudijski prilozi (2007), Horror, porno, ennui: kulturne prakse postsocijalizma (2011) and Stranputice humanistike (2017). As a member of the Croatian team, she participated in the research project Closing the Gap Between Formal and Informal Institutions in the Balkans (INFORM), Horizon 2020 (2016 \u2013 2019). She is currently engaged as a research associate for the project Transformation of Work in Post-transition Croatia (TRANSWORK, 2017-2012) funded by the Croatian Science Foundation. She lectured B.A. and M.A. level courses in Ethnology and Cultural Anthropology at the Faculty of Humanities and Social Sciences, University of Zagreb (course Anthropology of Sexuality). From 2008 she has lectured at the doctoral studies level on the course Women a(bou)t the Balkan. Her research interests are feminist anthropology, anthropology of sexuality, anthropology of work. She is a member of the Croatian Ethnological Society, and was deputy director of the Institute of Ethnology and Folklore Research (2015 \u2013 2019) and an art advisor for the Croatian Audiovisual Center on two occasions (2009, 2010). <em>Ljubavni kod: ljubav i seksualnost izme\u0111u tradicije i znanosti<\/em> (2011) te <em>Polutani dugog trajanja: balkanisti\u010dki diskursi<\/em> (2014) zajedno s Andreom Mato\u0161evi\u0107em. Suuredila je zbornike <em>Izme\u0111u roda i naroda: etnolo\u0161ke i folkloristi\u010dke studije<\/em>\u00a0(2004), <em>Split i drugi: kulturnoantropolo\u0161ki i kulturnostudijski prilozi<\/em> (2007), <em>Horror, porno, ennui: kulturne prakse postsocijalizma<\/em> (2011) te <em>Stranputice humanistike<\/em> (2017). Kao \u010dlanica hrvatskog tima sudjelovala je u projektu <em>Closing the Gap Between Formal and Informal Institutions In the Balkans (INFORM)<\/em>, Obzor 2020 (2016 \u2013 2019), a trenutno je \u010dlanica projekta Hrvatske zaklade za znanost <em>Transformacija rada u posttranzicijskoj Hrvatskoj (TRANSWORK)<\/em> (2017 \u2013 2021). Kao vanjska suradnica bila je uklju\u010dena u preddiplomski i diplomski studij etnologije i kulturne antropologije Filozofskog fakulteta u Zagrebu s kolegijem Antropologija seksualnosti, dok na doktorskom studiju od 2008. do danas dr\u017ei kolegij \u017dene (o)na Balkanu. Teme kojima se bavi su rodna i feministi\u010dka antropologija, antropologija seksualnosti i kultura rada. \u010clanica je Hrvatskog etnolo\u0161kog dru\u0161tva. Bila je zamjenica ravnatelja Instituta za etnologiju i folkloristiku (2015 \u2013 2019), \u00a0a u dva mandata (2009, 2010) i umjetni\u010dka savjetnica za komplementarne djelatnosti Hrvatskog audiovizualnog centra.<\/p>\n\n\n\n<div class=\"wp-block-columns\">\n<div class=\"wp-block-column\">\n<p class=\"has-text-align-center has-sitebg-color has-accent-1-background-color has-text-color has-background\">tea@ief.hr<\/p>\n<\/div>\n\n\n\n<div class=\"wp-block-column\">\n<p class=\"has-text-align-center has-sitebg-color has-accent-1-background-color has-text-color has-background\"><strong><a href=\"https:\/\/bib.irb.hr\/lista-radova?autor=219911\" target=\"_blank\" rel=\"noreferrer noopener\" aria-label=\"Bibliografija (otvara se u novoj kartici)\">Bibliography<\/a><\/strong><\/p>\n<\/div>\n<\/div>","protected":false},"excerpt":{"rendered":"<p>Dr. sc. Tea \u0160koki\u0107 (Zagreb, 1970) diplomirala je etnologiju i komparativnu knji\u017eevnost 1995. godine na Filozofskom fakultetu Sveu\u010dili\u0161ta u Zagrebu te na istom fakultetu magistrirala i doktorirala na Odsjeku &hellip;<\/p>","protected":false},"author":1,"featured_media":0,"parent":0,"menu_order":0,"comment_status":"closed","ping_status":"closed","template":"","meta":{"_monsterinsights_skip_tracking":false,"_monsterinsights_sitenote_active":false,"_monsterinsights_sitenote_note":"","_monsterinsights_sitenote_category":0,"kk_blocks_editor_width":"","_kiokenblocks_attr":"","_kiokenblocks_dimensions":""},"aioseo_notices":[],"_links":{"self":[{"href":"https:\/\/erim.ief.hr\/en\/wp-json\/wp\/v2\/pages\/240"}],"collection":[{"href":"https:\/\/erim.ief.hr\/en\/wp-json\/wp\/v2\/pages"}],"about":[{"href":"https:\/\/erim.ief.hr\/en\/wp-json\/wp\/v2\/types\/page"}],"author":[{"embeddable":true,"href":"https:\/\/erim.ief.hr\/en\/wp-json\/wp\/v2\/users\/1"}],"replies":[{"embeddable":true,"href":"https:\/\/erim.ief.hr\/en\/wp-json\/wp\/v2\/comments?post=240"}],"version-history":[{"count":10,"href":"https:\/\/erim.ief.hr\/en\/wp-json\/wp\/v2\/pages\/240\/revisions"}],"predecessor-version":[{"id":3046,"href":"https:\/\/erim.ief.hr\/en\/wp-json\/wp\/v2\/pages\/240\/revisions\/3046"}],"wp:attachment":[{"href":"https:\/\/erim.ief.hr\/en\/wp-json\/wp\/v2\/media?parent=240"}],"curies":[{"name":"wp","href":"https:\/\/api.w.org\/{rel}","templated":true}]}}