{"id":242,"date":"2020-01-26T18:16:30","date_gmt":"2020-01-26T17:16:30","guid":{"rendered":"http:\/\/localhost\/wp-erim\/wordpress\/?page_id=242"},"modified":"2020-06-14T19:24:52","modified_gmt":"2020-06-14T17:24:52","slug":"dr-sc-marta-stojic-mitrovic","status":"publish","type":"page","link":"https:\/\/erim.ief.hr\/en\/dr-sc-marta-stojic-mitrovic\/","title":{"rendered":"dr. sc. Marta Stoji\u0107 Mitrovi\u0107"},"content":{"rendered":"<div class=\"wp-block-image\"><figure class=\"alignleft size-large is-resized\"><img loading=\"lazy\" src=\"data:image\/jpeg;base64,\/9j\/4AAQSkZJRgABAQAAAQABAAD\/2wCEAAkGBxIQEhUQDxAQFQ8QEBAVEA8PDw8QDxAQFRUXFhUVFRUYHSggGBolGxUVITEhJSkrLi4uFx8zODMsNygtLisBCgoKBQUFDgUFDisZExkrKysrKysrKysrKysrKysrKysrKysrKysrKysrKysrKysrKysrKysrKysrKysrKysrK\/\/AABEIAOEA4QMBIgACEQEDEQH\/xAAcAAABBAMBAAAAAAAAAAAAAAAAAQIDBAUGBwj\/xABCEAABBAADBQUFBAgFBAMAAAABAAIDEQQhMQUGEkFRBxNhcZEiMoGhsRRCcsEjJDNSYtHw8XOSorLhQ2OCsxUXdP\/EABQBAQAAAAAAAAAAAAAAAAAAAAD\/xAAUEQEAAAAAAAAAAAAAAAAAAAAA\/9oADAMBAAIRAxEAPwDoVJaTqRSBtJaSpaQNpLSdSWkGM3gH6vJ+H8wshSpbeH6vJ+H8wsjwoI6RSk4UcKCPhRwqThS8KCKklKXhScKCOklKQhIQgjITSFKQmkIIiE0hSkJpCCIhJSkITUDCEieU1AiKTgE7gQRUmkKfgTHNQRUhP4UIMjSKTqRSBtJaS0lpA0BOpKAlpBj9uD9BJ+EfULI0qW2G3C\/8P5hZABA2khpPLVSx2NZCOKR7WtHUgH5lBaaQdCPgQlpaPtDfPCXQ7wuH3minD5K3sbfSGRzWOePaqnGmm+jhyPiLHkg27hSFqlaRV3kdE7htBWLU0tVru00sQVS1IWqyWJhYgrEJpCsFiaWIKxCYQp3NURCBlIATk6NuaCSGK1abhVLhI1kWRoMUcGo3YNZvu0x0QQYT7J4IWV4W9QhBjkUnUikDaS0lpLSBAEoCUBOAQU9qN\/RP\/D+YViedsbS97gGtFkk0AFW25iWRQSPkIDQw+vJck3q3qkxZztuHHux6B38TuqDYd4+0GyW4UgMb70x5\/gHPzXNNsbwSTHN7nfxSOJryzVDaGNMjr0byA0+A6KgTf\/KB75idXfVWcHiHNIIdeeWZIVaOEuy4fRZvYuzjduGQ1vwzQbFJv7iI4mxl1cIFAakHMAm7V7d3tWMTg3Esc6I\/eaS57T1FnMeC53tTDyBxtpoknTJUOAoPVWx9twYuMS4eQPYeY1aejhqFkLXlTY+15sJJ3kL3NdldEgOHQ1qF2bcztBbi\/wBHJbZPEXaDotJpCgixN9CDoQclOHgoGlqjc1SlMJQV5Aq7lakVdyCMqWEJikiQZXCBX2hUcKrzSgco5DQJ5AE+ikVHa8nDDIf4HfPL80Gn\/wDyb+qFUpKg21CdSSkCJQEtJQEAAluszoNUoWqdo22\/suFLGH9NOCxlagHJzvn6kINL343jOKlcxp\/VYXU0ad7KPqOnr0rQdq4zi9m9PerS+TR4BW5ncLL56N8+biqWycAcRJQHsg5nqgiwOzpJz7IOfOsqW27L3HsAvu\/ktt3a3ea1oNa\/RbdDgQMqQaBHuY0VRII6DJZLC7E4NR\/yt1bhByThhfBBoO0t32kWG8ulrTtq7quzLG+mXyXa5MIDyVWbZwOgQec8dgpIcntIB0vRQYfEOicJI3Fr2kEEXYP5ruG292WSNPGwG\/kuU7ybAOFdYsxk8+SDrm4O9AxsQDspW0JBfPk4eBzW6A0vPO4G0Rh8Uwl1Aua1x5FpIXoON1i+qCYvUZKVNKBrioypCmFAylLEFGpoQgyWGVtpVWBWAgfaxW8slQkfvOaPnf5LJrBb0vyY3qXH0Ffmg1ukJ9IQbYikqECJwCEoCAAXFO0Xaf2jGvANx4eom1oXAW\/P8R\/0hdl2hiO6ifKf+mxzvQWvOePxJPvA8RLnuJuy95JJQVdpychVAECuZ5\/yW8bi7H4YmuI9pzb9Vo0UXeSNYMyXAfOz8yV23YWBDWsaBoBfw0QZvA4YNAAGgAV5saZEylNaBhancKQlPBQRlqaWKUoQUsRFY0Wi737KEsb2kcsiuhShYDbEFj+uaDzxGTDJnqx1Feg9x9qCfDt6taNT0yI9fkQuE7z4bu8TIORNhb52Q7TIkMJPsuBLfxDX1A+SDrlJCpmstDokFcphCmc1RlBGp4FFSmhQZGBThQRFTByBy1neSS5A391g9ST\/ACC2QlajthxdM80aBAB9msgBlz6oKaEIQbbSROSIAJwCQJ4CDX9\/MR3eBmP7zOHL+I0fkSvPeNnB4T1s14Wu39r2ILMAaI9qRgo8\/L+uS4HjHe0Gjk0D4oNo3GwveTgnOhfxsrtezWUPP6DRck7PGgPc7QBoF+RIXU4pZCPYidXI20D5lBmR4J613EbTngzdG6vw8YH+VQ4TfWIuDHgXerSL9EG0hqdShw2KbIA5hsH5Ka0BSKS2qmL2pDF+0kaPC80EzgsbtZlsPkq796sOTTXF3iGmvVLJtFkrCGkX5jNBxLtBjqdvi0q92Xk\/aWAcpB88j8lV7Rz+sM\/A76rL9lWELpydKp3+VwQdww2ie9NZkke5BC9REKRyYUDKU0QUamiQWmOT+NRBLaCTjWpzy8TneLifUlbJiH01x6NP0Wud1X9kEXClUnAhBs6EqECBPCQJwQc67bj+px\/\/AKWE\/wCV1Lh8J4peKtDdeQXbe3J9YSO+ctjLVw5ehcfguK7OAHE460APif8AhB0Tsuw1udxDQjX1XRtr7bZhmF77IaPdaLcfILU9w8FwxOe3VxBHoFmNpbGGI\/a5tOrc9OiDV8d2gzOAfHhiIXP4GyFrpOJ1E0KoE5HS0uyttfbC+4bMYBkD4uEtB52DYHitim3aa+NkBlk7mNwdG1rzGY3Z+45tEalQw7Ebhy90Jk45Whr3umkc9zRyJJQZrdzEs0aCDWbSbr+a2C8iVqWyMH3ZDuJxOebuh5eK2cO9lBVlx3C1xflV15LSdtOw4ubEF3BdcT3ua2zoMgSs9thjnHgBrO9LGSoYzZj8VC2CSQM7uRsjHxxxuPGLHtNfYcM9DaDEbO3q2ZGaMYrQPHFIPnotrZ9lxcXHh3MLT7r4zWfQjkVr2F3YMRxHeMhn+1Na0h8DI4mht1Ubcrz95LursOTA2zi4oybAzJHgeR89UGhdo8RbiWcWpY7PrRC6D2WYPhia7LPjz8CQR8q9Vq\/afh+OXDmgOIvHwtq3Xs6HdB2GJBdHw1kc20C3\/SWoN3TXKQqNyCMphUhTCEDaUjCmUngIJeNHGo6SEIG4yT2COtD5rGcKt4k6BQEIIqQn0lQZ5CEIFCcEgTgg0jtg2WcRs97m+\/ARKB1aMnfIk\/BcG2fHcZPj9V6sxMQe0tcAWnJzTmC06g\/Beft5Ngt2c+TDA20F74zzMerb8QMkHQuzjPDN9D5hbZJhwVqfZVIH4MEG\/bdfnla3UDr6oMZJhqUPc\/2WXexVZ5Q0ZD2vogrCKqJHkE90hISwtJzdzVtsII5IMRKeLzGhU0EfEKIo\/IoxcPIaqXZz+L2XajQoHNwv9ZpXw0NFeDOqixAyPkg5X2mQkyYXhaT7Uvst1IHCT9Ft+7mH42CVhHGwRFhA1bwBteRqiFh95W3jsGD7rC8uNacRDR9Ctn3ZwncGSC8mu9g190+0B5ZlBn4ZQ9oI58jqEFN4KN+oT0EZCbSeU1A2lI0Jqe0IFITHJ5TS1BTm1URCnkGZUZCCOkJ9IQZlCdSUBAgCeAgBUNs7WjwsZkkIy0F1xFBaxEzWNLnuDWgZuJoLhHabj2z4maSN1xtgaxhojiLv7OU+9\/aB3riGnjIJ4byij\/Cz7zvF1+QWqbbxRexpObngEk65Cs\/iUHSOxLEcWFlaP+niPk5jT9bXRe9XEexbbQhxL8M80MS0GPp3rATXmWk+i7cYggrYjEchqmRRHU6lK+GnX1CxG1t4xhHATQTCIkDv2Br4m3zdRsAeSDNGK8rKcOIChmpIZOIBzRxNP3o3McD6FP73qySz\/wBtxtBju6ddk6p7G0rD3fwP\/wAjv5LFO2xD332biJnFXGGPJaDoXUKHxQZaPEdUzEy5JogN2kmioeaDXdoYISYlrubYNDp7xz+az0IPGXD7rGfIuH0r0UM8dSPse6xjfXP6q5gG2HE9APggyJFptJITlR1CcgaUylIU1AgCeE1LaByKTeJI56Cq78ymEKQhNIQNQlpCDNUlAT+Fa\/vdvVDs+O3e3O4ExwNPtOr7zv3WjmUF3bu2YcFEZp3ANHuty4nu6DxXn\/fLfWXHPdmRED7DOVePVUd5t45toTGWd1hoPC1t92wdGj+rWvyOQRl2dnVXZJeNn4SQB4FY89VJBLWR0KAwmIdE9ksZqSN7XMcOTmmwvS25u8DcfhmTNycRUjP3XjUeS81Sx8xot37LN4fs0phcfZeQQCefRB3mRtqpNA14LXAEHkVPhpw8BzTkUjtUGJw+xO6IMLnsAJIax7mtBORIbosk7ETiqIpvgM\/NWYynOcEGGxzsTI6xK5g6MDQLquYJOqh2PsqPD3wN9pxtzzm9x8XHMrMzEUoYggsN0UDXAus6N+q1rfvfCPZ8XJ2IeD3UQOZP7zujR1Wmdme+080zsLi5OPveJ8LzQLX6uj\/CRmOlFB0XHSnjNavqv\/H+6y2EADctPyApYOA95K4jRrQ0eZzP9eSzkWQpBYGvwCcmszTyEDUiUoCApBantCfwIIC1RvCtFqhmCCvSSk+kBqBlIR37UIJtq7VcHfZ8K0SYk6k33UI\/ekI+TRmfAWVxrtPxYEjoGv435faJjq996Do0URS27F9rGy8M14wjJppj99sXdRudoLc+jwjwC49tnazsS\/vH8PETZ4QRfTXXWvgEGOxcgADGnLInxKqvKe6yb6pkmqBtoQhA+N9a6J4BaQ5p0NgjkoUrHkaIOydnm+PeNEUpqRorPmOq6PFMHLzBgcWY3iRhp7TfgV3HczboxETbOdfPmEG6NapDHkq0T3ciD56qUyO6fMII3MVfFTcDSRyBU7wefoFjNvP4YiOqDz5vZFO3EyHEvL5HniEh0c3lQ5AaUquyiWu4weHgIPHdEVnkeq2ntA4XBrvvNca\/CdfoFpjpMuEZNu66nqUHX9xe0KKWT7PiQyPiaS3EOeGte\/m195Ankb5UulwSh44mOa5p0c1wc31C8pK9s3a8+HNwTSMP\/be5vyGqD1XEpSFxDdTtcmiIZtBvexWP00bWtmYOpaKDx6HzXZtlbThxcTZ8NK2SJ+j2nnzBGrSOYOaCYhNCkKagexShRNTwUClVp1O4qu\/VAykjjQJ6AlOUWMdTHeOXqUGHzQpaQg8yylt0266u1PwStlyrpooigFBYfkFXUkklqNAIQhAIQhArTS2jc3bhw8ozPA4jiHQ9Vqymw+qD05srFCRgcDqFkOJc67OdrF8IY518GWuY81vEeKB5oLlLVt6MXnw9AfVbG6XK1zrenF+86\/vGvog51vRiC9xHILXlldpztMgDrLbt4BonoLWOnnLzbquqoAAAcgByCCNCEIBbFuTvdNsufvGW6B5Angv2ZG9R0eOR+Gi11CD1tgMbHPEyaFwdFKwOY4c2n81MuV9hG2S+KbBPN9y4SRA8mPycB4cQv\/yXVaQKE+k0BSBAwhV3aq2VVQIquPOQHU\/QK2qmMzcB0H1\/sgp8KE+x\/QKEHlpCEIBCEIBCEIBCEIBK11aJEIMzsLeGTCusC2n3qycB4fyW77N3vDiC2UH+EmnD4FcwLjVdNMh9UiD0PhNuNfCXXnR+i5bvRtq7AOhyz1K1vB7XnYO7EjiwmuEnS+h5KDaMD2OHeEEvjZI2ncQ4Hi2+Rrkgqk3mdShCEAhCEAhCEG59kW0\/s+04gfdxDXwn8ThxM+bQPivRgXknZeJMU0UoNGOaJ9\/heD+S9aRvsAjQgH1QSBOTLRxIHPOSr0pXFMpA0BU5s3HwNeivgKjrZ62gitCfwoQeUkIQgEIQgEIQgEIQgEIQgEIQgAru1cQZHMJAAZDFG2vvMjbwNJ8aaqLtPgsjt2FrJiGABpZE4AaDijafzQY9CEIBCEIBCEIEccl612S64Ij1hjP+kLyS\/Q+RXrjZDagiHSGP\/aEFkpEpSIECWkrQlpAyTIE+BVMBXMR7vmQqz8gT0GqCG0LlX\/2mzw9UqDkqEIQCEIQCEIQCEIQCEIQCEIQIVk94P2w\/wML\/AOliEIMahCEAhCEAhCEDX6HyK9dbJ\/YRf4Mf+0IQgsFNSoQK1KlQghxXLz\/JUdpfsZP8J\/8AtKEIPIqEIQf\/2Q==\" alt=\"\" width=\"324\" height=\"324\"\/><\/figure><\/div>\n\n\n\n<p class=\" translation-block\">Marta Stoji\u0107 Mitrovi\u0107 (Jagodina, 1978) graduated in ethnology and anthropology from the Faculty of Philosophy, University of Belgrade, in 2003. She gained her M.A. in Anthropology from the Faculty of Social Sciences, University of Ljubljana. In 2016, she defended her Ph.D. thesis Asylum and Irregular Migration in Serbia at the Beginning of the 21st Century at the Department of Ethnology and Anthropology, University of Belgrade. Since 2007, she has worked at the Ethnographic Institute of the Serbian Academy of Sciences and Arts, as a research associate since 2017. She worked as an assistant on the project Ethnicities: Contemporary Processes in Serbia, Neighbouring Countries and Diaspora, and, since 2010, Multi-ethnicity, Multiculturalism, Migration: Contemporary Processes. As part of the latter project, she is researching migration, citizenship, human rights and discrimination in the national and regional context. She is the co-author of the book Governing the Balkan Route: Macedonia, Serbia and the European Border Regime (with Barbara Beznec and Marc Speer) published in 2016. She has published numerous research and professional articles, as well as participated in numerous international conferences. As an expert in the field of migration in the Balkans, she participated in different public events. She is a member of the Committee for the Research of Minorities and Human Rights of the Serbian Academy of Sciences and Arts.<\/p>\n\n\n\n<div class=\"wp-block-columns\">\n<div class=\"wp-block-column\">\n<p class=\"has-text-color has-background has-text-align-center has-regular-font-size has-sitebg-color has-accent-1-background-color\"> marta.stojic@ei.sanu.ac.rs <\/p>\n<\/div>\n\n\n\n<div class=\"wp-block-column\">\n<p class=\"has-text-color has-background has-text-align-center has-regular-font-size has-sitebg-color has-accent-1-background-color\"><strong>Bibliography<\/strong><\/p>\n<\/div>\n<\/div>","protected":false},"excerpt":{"rendered":"<p>Dr. sc. Marta Stoji\u0107 Mitrovi\u0107 (Jagodina, 1978) diplomirala je etnologiju i antropologiju na Filozofskom fakultetu u Beogradu 2003. godine. Na Fakultetu za dru\u0161tvene znanosti (Fakulteta za dru\u017ebene vede) Sveu\u010dili\u0161ta &hellip;<\/p>","protected":false},"author":1,"featured_media":0,"parent":0,"menu_order":0,"comment_status":"closed","ping_status":"closed","template":"","meta":{"_monsterinsights_skip_tracking":false,"_monsterinsights_sitenote_active":false,"_monsterinsights_sitenote_note":"","_monsterinsights_sitenote_category":0,"kk_blocks_editor_width":"","_kiokenblocks_attr":"","_kiokenblocks_dimensions":""},"aioseo_notices":[],"_links":{"self":[{"href":"https:\/\/erim.ief.hr\/en\/wp-json\/wp\/v2\/pages\/242"}],"collection":[{"href":"https:\/\/erim.ief.hr\/en\/wp-json\/wp\/v2\/pages"}],"about":[{"href":"https:\/\/erim.ief.hr\/en\/wp-json\/wp\/v2\/types\/page"}],"author":[{"embeddable":true,"href":"https:\/\/erim.ief.hr\/en\/wp-json\/wp\/v2\/users\/1"}],"replies":[{"embeddable":true,"href":"https:\/\/erim.ief.hr\/en\/wp-json\/wp\/v2\/comments?post=242"}],"version-history":[{"count":6,"href":"https:\/\/erim.ief.hr\/en\/wp-json\/wp\/v2\/pages\/242\/revisions"}],"predecessor-version":[{"id":662,"href":"https:\/\/erim.ief.hr\/en\/wp-json\/wp\/v2\/pages\/242\/revisions\/662"}],"wp:attachment":[{"href":"https:\/\/erim.ief.hr\/en\/wp-json\/wp\/v2\/media?parent=242"}],"curies":[{"name":"wp","href":"https:\/\/api.w.org\/{rel}","templated":true}]}}