{"id":244,"date":"2020-01-26T18:17:19","date_gmt":"2020-01-26T17:17:19","guid":{"rendered":"http:\/\/localhost\/wp-erim\/wordpress\/?page_id=244"},"modified":"2020-06-14T19:24:14","modified_gmt":"2020-06-14T17:24:14","slug":"dr-sc-jelka-zorn","status":"publish","type":"page","link":"https:\/\/erim.ief.hr\/en\/dr-sc-jelka-zorn\/","title":{"rendered":"dr. sc. Jelka Zorn"},"content":{"rendered":"<div class=\"wp-block-image\"><figure class=\"alignleft size-large is-resized\"><img loading=\"lazy\" src=\"https:\/\/www.delo.si\/images\/slike\/picture\/20141104\/o_Ljubljanska-Delo-Foto-2014-hires-jpeg0_1024.jpg\" alt=\"\" width=\"339\" height=\"231\"\/><\/figure><\/div>\n\n\n\n<p class=\" translation-block\">Dr. sc. Jelka Zorn (Ljubljana, 1971) gained her M.A. in 2001 from the Faculty of Social Sciences, University of Ljubljana. She defended her Ph.D. thesis in 2003 at the same university. For the thesis she received an award from the Foundation of professor Klinar in 2004. Since 1999, she has been employed at the Faculty for Social Work, University of Ljubljana, currently as an associate professor, where she lectures different courses on ethnic minorities, refugeeness, social movements, (global) inequalities, social work etc. She was a guest researcher at several European universities (Central European University, University of Stirling, Oxford University on several occasions). As a lecturer and researcher, she extensively collaborated with the Institutum Studiorum Humanitatis and the Peace institute in Ljubljana. She participated in numerous research projects, such as Social Work and Social Cohesion: Dilemmas of Autonomous and Heteronomous System Regulations (Slovenian Public Research Agency, ARRS, 2008 \u2013 2011); Statelessness and the Benefits of Citizenship: a Comparative Study (Geneva Academy Project, Oxford Brookes University, 2008 \u2013 2009); Ethnicity in Social Work Education (Austrian Research Foundation, AOS, 2007 \u2013 2006). She regularly publishes articles about the history of social care, asylum, migrations, citizenship in Slovenia, in particular about the Erased. The latter are in the focus of her co-authored book Izbrisani: organizirana nedol\u017enost in politike izklju\u010devanja (2003), as well as several other books and collections she co-authored and co-edited.<\/p>\n\n\n\n<div class=\"wp-block-columns\">\n<div class=\"wp-block-column\">\n<p class=\"has-text-color has-background has-text-align-center has-sitebg-color has-accent-1-background-color\"><strong> jelka.zorn@fsd.uni-lj.si <\/strong><\/p>\n<\/div>\n\n\n\n<div class=\"wp-block-column\"><\/div>\n<\/div>","protected":false},"excerpt":{"rendered":"<p>Dr. sc. Jelka Zorn (Ljubljana, 1971) magistrirala je na Fakultetu za dru\u0161tvene znanosti (Fakulteta za dru\u017ebene vede) Sveu\u010dili\u0161ta u Ljubljani 2001. godine. Godine 2003. doktorirala je na istom fakultetu &hellip;<\/p>","protected":false},"author":1,"featured_media":0,"parent":0,"menu_order":0,"comment_status":"closed","ping_status":"closed","template":"","meta":{"_monsterinsights_skip_tracking":false,"_monsterinsights_sitenote_active":false,"_monsterinsights_sitenote_note":"","_monsterinsights_sitenote_category":0,"kk_blocks_editor_width":"","_kiokenblocks_attr":"","_kiokenblocks_dimensions":""},"aioseo_notices":[],"_links":{"self":[{"href":"https:\/\/erim.ief.hr\/en\/wp-json\/wp\/v2\/pages\/244"}],"collection":[{"href":"https:\/\/erim.ief.hr\/en\/wp-json\/wp\/v2\/pages"}],"about":[{"href":"https:\/\/erim.ief.hr\/en\/wp-json\/wp\/v2\/types\/page"}],"author":[{"embeddable":true,"href":"https:\/\/erim.ief.hr\/en\/wp-json\/wp\/v2\/users\/1"}],"replies":[{"embeddable":true,"href":"https:\/\/erim.ief.hr\/en\/wp-json\/wp\/v2\/comments?post=244"}],"version-history":[{"count":8,"href":"https:\/\/erim.ief.hr\/en\/wp-json\/wp\/v2\/pages\/244\/revisions"}],"predecessor-version":[{"id":661,"href":"https:\/\/erim.ief.hr\/en\/wp-json\/wp\/v2\/pages\/244\/revisions\/661"}],"wp:attachment":[{"href":"https:\/\/erim.ief.hr\/en\/wp-json\/wp\/v2\/media?parent=244"}],"curies":[{"name":"wp","href":"https:\/\/api.w.org\/{rel}","templated":true}]}}