{"id":255,"date":"2020-01-26T18:24:31","date_gmt":"2020-01-26T17:24:31","guid":{"rendered":"http:\/\/localhost\/wp-erim\/wordpress\/?page_id=255"},"modified":"2020-06-14T19:21:56","modified_gmt":"2020-06-14T17:21:56","slug":"dr-sc-ursula-lipovec-cebron","status":"publish","type":"page","link":"https:\/\/erim.ief.hr\/en\/dr-sc-ursula-lipovec-cebron\/","title":{"rendered":"dr. sc. Ur\u0161ula Lipovec \u010cebron"},"content":{"rendered":"<div class=\"wp-block-image\"><figure class=\"alignleft size-large is-resized\"><img loading=\"lazy\" src=\"http:\/\/erim.ief.hr\/wp-content\/uploads\/2020\/04\/Ursula-Lipovec-Cebron.jpg\" alt=\"\" class=\"wp-image-556\" width=\"321\" height=\"213\" srcset=\"https:\/\/erim.ief.hr\/wp-content\/uploads\/2020\/04\/Ursula-Lipovec-Cebron.jpg 276w, https:\/\/erim.ief.hr\/wp-content\/uploads\/2020\/04\/Ursula-Lipovec-Cebron-18x12.jpg 18w, https:\/\/erim.ief.hr\/wp-content\/uploads\/2020\/04\/Ursula-Lipovec-Cebron-211x140.jpg 211w\" sizes=\"(max-width: 321px) 100vw, 321px\" \/><\/figure><\/div>\n\n\n\n<p class=\" translation-block\">Ur\u0161ula Lipovec \u010cebron (Koper, 1975) graduated in 2000 from the Faculty of Social Sciences, University of Ljubljana. In 2003 she obtained her M.A. from the Faculty of Arts, University of Ljubljana. In 2011 she obtained her Ph.D. with the thesis Erased Citizens without Health Citizenship: a Medical-anthropological Study. She has been employed since 2002 at the Department of Ethnology and Cultural Anthropology of the Faculty of Arts, University of Ljubljana; as an assistant professor since 2012. She holds courses at the B.A. and M.A. levels (Ethnology of Americas, Symbolic Anthropology, Anthropology of Migration, Contemporary Migration, Ethnic Minorities and Citizenship, Medical Anthropology, etc.). She authored the book Kro\u017eere zdravja in bolezni: tradicionalne in komplementarne medicine v Istri (2008). She edited the research collection Zgodbe izbrisanih prebivalcev  (2011, Croatian translation 2013) and Once upon an Erasure (2007) with Jelka Zorn, a special issue of \u010casopisa za kritiko znanosti titled Balkanska migracijska pot (2016) with Sara Pistotnik, and Ve\u010djezi\u010dno zdravje (2019) with Nike K. Pokorn. She has published approximately twenty original research articles and approximately twenty professional papers in the field of anthropology of migration and medical anthropology, focusing on the health aspects of migration. She has participated in numerous national and international research projects, most recently in relation to the health system and migration, such as: T-SHARE \u2013 Transcultural Skills for Health and Care (2009); WEBWISE \u2013 Web 2.0 Supported Higher Education Institutional Learning (2010 \u2013 2012); Together for Health (2014 \u2013 2016); MIPEX Health Strand (2015); SH-CAPAC \u2013 Support Member States Under Particular Migratory Pressure in their Response to Health Related Challenges (2016); Training Newly Arrived Immigrants for Community Interpreting and Intercultural Mediation (TRAMIG) (2019). She was a principal researcher in the national project Multilingual Aid for Better Communication between Migrants and Healthcare Workers (2016 \u2013 2018). She is a member of the editorial board of the professional journal Javno zdravje (2017 \u2013), she was a member of the editorial board of the research journal Narodna umjetnost (2011 \u2013 2019). She was a fellow researcher at Sapienza, University of Roma. She has lectured at different European universities (University of Barcelona, University of Zagreb, Cambridge University, University of Wien).<\/p>\n\n\n\n<div class=\"wp-block-columns\">\n<div class=\"wp-block-column\">\n<p class=\"has-text-color has-background has-text-align-center has-sitebg-color has-accent-1-background-color\"> ursula.lipovec@gmail.com <\/p>\n<\/div>\n\n\n\n<div class=\"wp-block-column\"><\/div>\n<\/div>","protected":false},"excerpt":{"rendered":"<p>Dr. sc. Ur\u0161ula Lipovec \u010cebron (Kopar, 1975) diplomirala je 2000. kulturologiju na Fakultetu za dru\u0161tvene znanosti (Fakulteta za dru\u017ebene vede) Sveu\u010dili\u0161ta u Ljubljani. Na Filozofskom fakultetu Sveu\u010dili\u0161ta u Ljubljani &hellip;<\/p>","protected":false},"author":1,"featured_media":0,"parent":0,"menu_order":0,"comment_status":"closed","ping_status":"closed","template":"","meta":{"_monsterinsights_skip_tracking":false,"_monsterinsights_sitenote_active":false,"_monsterinsights_sitenote_note":"","_monsterinsights_sitenote_category":0,"kk_blocks_editor_width":"","_kiokenblocks_attr":"","_kiokenblocks_dimensions":""},"aioseo_notices":[],"_links":{"self":[{"href":"https:\/\/erim.ief.hr\/en\/wp-json\/wp\/v2\/pages\/255"}],"collection":[{"href":"https:\/\/erim.ief.hr\/en\/wp-json\/wp\/v2\/pages"}],"about":[{"href":"https:\/\/erim.ief.hr\/en\/wp-json\/wp\/v2\/types\/page"}],"author":[{"embeddable":true,"href":"https:\/\/erim.ief.hr\/en\/wp-json\/wp\/v2\/users\/1"}],"replies":[{"embeddable":true,"href":"https:\/\/erim.ief.hr\/en\/wp-json\/wp\/v2\/comments?post=255"}],"version-history":[{"count":7,"href":"https:\/\/erim.ief.hr\/en\/wp-json\/wp\/v2\/pages\/255\/revisions"}],"predecessor-version":[{"id":656,"href":"https:\/\/erim.ief.hr\/en\/wp-json\/wp\/v2\/pages\/255\/revisions\/656"}],"wp:attachment":[{"href":"https:\/\/erim.ief.hr\/en\/wp-json\/wp\/v2\/media?parent=255"}],"curies":[{"name":"wp","href":"https:\/\/api.w.org\/{rel}","templated":true}]}}