{"id":267,"date":"2020-01-26T18:44:49","date_gmt":"2020-01-26T17:44:49","guid":{"rendered":"http:\/\/localhost\/wp-erim\/wordpress\/?page_id=267"},"modified":"2020-06-14T19:21:16","modified_gmt":"2020-06-14T17:21:16","slug":"dr-sc-marijana-hamersak-voditeljica-projekta","status":"publish","type":"page","link":"https:\/\/erim.ief.hr\/en\/dr-sc-marijana-hamersak-voditeljica-projekta\/","title":{"rendered":"dr. sc. Marijana Hamer\u0161ak"},"content":{"rendered":"<div class=\"wp-block-image is-style-default\"><figure class=\"alignleft size-medium is-resized\"><img loading=\"lazy\" src=\"http:\/\/erim.ief.hr\/wp-content\/uploads\/2020\/01\/Marijana-Hamersak-xy-2-300x238.jpg\" alt=\"\" class=\"wp-image-275\" width=\"346\" height=\"274\" srcset=\"https:\/\/erim.ief.hr\/wp-content\/uploads\/2020\/01\/Marijana-Hamersak-xy-2-300x238.jpg 300w, https:\/\/erim.ief.hr\/wp-content\/uploads\/2020\/01\/Marijana-Hamersak-xy-2-15x12.jpg 15w, https:\/\/erim.ief.hr\/wp-content\/uploads\/2020\/01\/Marijana-Hamersak-xy-2-177x140.jpg 177w, https:\/\/erim.ief.hr\/wp-content\/uploads\/2020\/01\/Marijana-Hamersak-xy-2-450x356.jpg 450w, https:\/\/erim.ief.hr\/wp-content\/uploads\/2020\/01\/Marijana-Hamersak-xy-2-265x210.jpg 265w, https:\/\/erim.ief.hr\/wp-content\/uploads\/2020\/01\/Marijana-Hamersak-xy-2.jpg 620w\" sizes=\"(max-width: 346px) 100vw, 346px\" \/><\/figure><\/div>\n\n\n\n<p class=\" translation-block\">Dr. sc. Marijana Hamer\u0161ak (Split, 1977), coordinator of the ERIM, is a senior research associate at the Institute of Ethnology and Folklore Research (Zagreb, Croatia) and a titular assistant professor at the University of Zagreb. She graduated Comparative Literature and General Linguistics from the Faculty of Humanities and Social Sciences University of Zagreb in 2000 and earned her PhD at the same faculty in 2008.<\/p>\n\n\n\n<p>Her research engagement, publication and teaching predominantly deal with migration, history and anthropology of childhood and children's literature, and book history. She is the author of the book Pri\u010dalice: o povijesti djetinjstva i bajke (Taletellers: the History of Childhood and Fairy Tale, Zagreb, 2011) and co-author of the book Uvod u dje\u010dju knji\u017eevnost (Introduction to the Children\u2019s Literature, with Dubravka Zima, Zagreb, 2015). With Suzana Marjani\u0107 she edited Folkloristi\u010dka \u010ditanka (Folklore Studies Reader, Zagreb, 2010) and with Iva Ple\u0161e and Ana-Marija Vuku\u0161i\u0107 Proizvodnja ba\u0161tine: kriti\u010dke studije o nematerijalnoj kulturi (Production of Heritage: Critical Studies in Intangible Culture, Zagreb, 2013).  With Emina Bu\u017einki\u0107 she edited collection of research essays about Balkan refugee corridor (Formation and Disintegration of the Balkan Refugee Corridor: Camps, Routes and Borders in Croatian Context, Zagreb, 2017; in English, Zagreb &amp; Munich, 2018). <em>Ekonomski temelji hrvatske knji\u017eevnosti <\/em>(voditeljica: dr. sc. Ma\u0161a Kolanovi\u0107, IP-2016-06-2613), 2017-2020, a od 2016.  suradnica na internom projektu IEF-a Etnografija izbjegli\u0161tva. Voditeljica je projekta <em>Europski re\u017eim iregularizirnaih migracija na periferiji EU: od etnografije do pojmovnika <\/em>(ERIM) koji financira  Hrvatska zaklada za znanost (IP 2019-04 6642).  <\/p>\n\n\n\n<p> She has published research papers in Croatian, German, English, Polish, Slovenian, Ukrainian and other languages.  <\/p>\n\n\n\n<p>She is an associate of University of Zagreb, former associate of University of Dubrovnik, member of different editorial boards and committees, and she closely collaborates with different academic and activist initiatives. She was an associate of number of research and other projects. <em>Detinjstvo<\/em>, a bila je \u010dlanica uredni\u0161tva \u010dasopisa <em>Libri et Liberi<\/em> te biblioteke Nova etnografija.  <\/p>\n\n\n\n<div class=\"wp-block-columns\">\n<div class=\"wp-block-column\">\n<p class=\"has-text-color has-background has-text-align-center has-sitebg-color has-accent-1-background-color\"><strong> marham@ief.hr <\/strong><\/p>\n<\/div>\n\n\n\n<div class=\"wp-block-column\">\n<p class=\"has-text-color has-background has-text-align-center has-sitebg-color has-accent-1-background-color\"> <strong><a href=\"https:\/\/www.bib.irb.hr\/pregled\/znanstvenici\/238596?autor=238596\" target=\"_blank\" rel=\"noreferrer noopener\" aria-label=\"Bibliografija (otvara se u novoj kartici)\">Bibliography<\/a><\/strong> <\/p>\n<\/div>\n<\/div>","protected":false},"excerpt":{"rendered":"<p>Dr. sc. Marijana Hamer\u0161ak (Split, 1977), voditeljica projekta, vi\u0161a je znanstvena suradnica Instituta za etnologiju i folkloristiku u Zagrebu te naslovna docentica Sveu\u010dili\u0161ta u Zagrebu. Diplomirala je 2000. komparativnu &hellip;<\/p>","protected":false},"author":1,"featured_media":0,"parent":0,"menu_order":0,"comment_status":"closed","ping_status":"closed","template":"","meta":{"_monsterinsights_skip_tracking":false,"_monsterinsights_sitenote_active":false,"_monsterinsights_sitenote_note":"","_monsterinsights_sitenote_category":0,"kk_blocks_editor_width":"","_kiokenblocks_attr":"","_kiokenblocks_dimensions":""},"aioseo_notices":[],"_links":{"self":[{"href":"https:\/\/erim.ief.hr\/en\/wp-json\/wp\/v2\/pages\/267"}],"collection":[{"href":"https:\/\/erim.ief.hr\/en\/wp-json\/wp\/v2\/pages"}],"about":[{"href":"https:\/\/erim.ief.hr\/en\/wp-json\/wp\/v2\/types\/page"}],"author":[{"embeddable":true,"href":"https:\/\/erim.ief.hr\/en\/wp-json\/wp\/v2\/users\/1"}],"replies":[{"embeddable":true,"href":"https:\/\/erim.ief.hr\/en\/wp-json\/wp\/v2\/comments?post=267"}],"version-history":[{"count":15,"href":"https:\/\/erim.ief.hr\/en\/wp-json\/wp\/v2\/pages\/267\/revisions"}],"predecessor-version":[{"id":655,"href":"https:\/\/erim.ief.hr\/en\/wp-json\/wp\/v2\/pages\/267\/revisions\/655"}],"wp:attachment":[{"href":"https:\/\/erim.ief.hr\/en\/wp-json\/wp\/v2\/media?parent=267"}],"curies":[{"name":"wp","href":"https:\/\/api.w.org\/{rel}","templated":true}]}}