{"id":3426,"date":"2024-03-10T12:50:30","date_gmt":"2024-03-10T11:50:30","guid":{"rendered":"https:\/\/erim.ief.hr\/?page_id=3426"},"modified":"2024-03-10T12:50:31","modified_gmt":"2024-03-10T11:50:31","slug":"kontakt","status":"publish","type":"page","link":"https:\/\/erim.ief.hr\/en\/kontakt\/","title":{"rendered":"contact"},"content":{"rendered":"<p>Institute of Ethnology and Folklore Research <\/p>\n\n\n\n<p>\u0160ubi\u0107eva 42<\/p>\n\n\n\n<p>10 000 Zagreb<\/p>\n\n\n\n<p>Croatia<\/p>\n\n\n\n<p>dr. sc. Marijana Hamer\u0161ak, principal researcher<\/p>\n\n\n\n<p>mail: <a href=\"mailto:marham@ief.hr\">marham@ief.hr<\/a><\/p>\n\n\n\n<p>tel: +385 (1) 45 96 737, 385 (1) 45 96 700<\/p>","protected":false},"excerpt":{"rendered":"<p>Institut za etnologiju i folkloristiku \u0160ubi\u0107eva 42 10 000 Zagreb Hrvatska dr. sc. Marijana Hamer\u0161ak, voditeljica projekta mail: marham@ief.hr tel: +385 (1) 45 96 737, 385 (1) 45 96 &hellip;<\/p>","protected":false},"author":2,"featured_media":0,"parent":0,"menu_order":0,"comment_status":"closed","ping_status":"closed","template":"","meta":{"_monsterinsights_skip_tracking":false,"_monsterinsights_sitenote_active":false,"_monsterinsights_sitenote_note":"","_monsterinsights_sitenote_category":0,"kk_blocks_editor_width":"","_kiokenblocks_attr":"","_kiokenblocks_dimensions":""},"aioseo_notices":[],"_links":{"self":[{"href":"https:\/\/erim.ief.hr\/en\/wp-json\/wp\/v2\/pages\/3426"}],"collection":[{"href":"https:\/\/erim.ief.hr\/en\/wp-json\/wp\/v2\/pages"}],"about":[{"href":"https:\/\/erim.ief.hr\/en\/wp-json\/wp\/v2\/types\/page"}],"author":[{"embeddable":true,"href":"https:\/\/erim.ief.hr\/en\/wp-json\/wp\/v2\/users\/2"}],"replies":[{"embeddable":true,"href":"https:\/\/erim.ief.hr\/en\/wp-json\/wp\/v2\/comments?post=3426"}],"version-history":[{"count":1,"href":"https:\/\/erim.ief.hr\/en\/wp-json\/wp\/v2\/pages\/3426\/revisions"}],"predecessor-version":[{"id":3427,"href":"https:\/\/erim.ief.hr\/en\/wp-json\/wp\/v2\/pages\/3426\/revisions\/3427"}],"wp:attachment":[{"href":"https:\/\/erim.ief.hr\/en\/wp-json\/wp\/v2\/media?parent=3426"}],"curies":[{"name":"wp","href":"https:\/\/api.w.org\/{rel}","templated":true}]}}