{"id":3782,"date":"2025-11-14T12:33:15","date_gmt":"2025-11-14T11:33:15","guid":{"rendered":"https:\/\/erim.ief.hr\/?page_id=3782"},"modified":"2026-01-06T18:25:23","modified_gmt":"2026-01-06T17:25:23","slug":"nakon-erima","status":"publish","type":"page","link":"https:\/\/erim.ief.hr\/en\/nakon-erima\/","title":{"rendered":"after ERIM"},"content":{"rendered":"<p>ERIM je zavr\u0161io 15. lipnja 2024. godine, ali predstavljanje rezultata njegovih istra\u017eivanja nastavilo se i nakon zavr\u0161etka projekta. Na ovoj stranici te na podstranicama <a href=\"https:\/\/erim.ief.hr\/en\/novosti\/\" target=\"_blank\" rel=\"noopener\" title=\"\">activities and news <\/a>ti <a href=\"https:\/\/erim.ief.hr\/en\/bibliografija\/\" target=\"_blank\" rel=\"noopener\" title=\"\">bibliography<\/a> saznajte vi\u0161e o publikacijama, radovima i javnim istupima nakon ERIMA koji su izravno vezani uz ERIM.<\/p>\n\n\n\n<ul><li>ERIM u Etnografskom muzeju u Zagrebu: izlo\u017eba <a href=\"https:\/\/emz.hr\/izlozbe\/izlozba-putnici\/\" target=\"_blank\" rel=\"noreferrer noopener\"><em>Putnici<\/em> <\/a>(2024-2027) i <em>Epilog: ne\u017eeljeni<\/em> s <a href=\"https:\/\/e-erim.ief.hr\/pojam\/p-karta-erim-ovih-etnografskih-istrazivanja-p?locale=hr\">kartom ERIMOVIH etnografskih istra\u017eivanja<\/a> iregulariziranih migracija na periferiji EU.<\/li><li>Objavljeni su prijevodi  pojmovnika <em><a href=\"https:\/\/www.knjigolov.hr\/katalog\/Marijana-Hamer%C5%A1ak-Iva-Ple%C5%A1e-Tea-%C5%A0koki%C4%87-(ur)\/Balkanska-ruta\/45355\" target=\"_blank\" rel=\"noopener\" title=\"\">Balkanska ruta<\/a> <\/em>na <a href=\"https:\/\/ebooks.uni-lj.si\/ZalozbaUL\/catalog\/book\/804\" target=\"_blank\" rel=\"noopener\" title=\"\">slovenski <\/a>i <a href=\"https:\/\/www.berghahnbooks.com\/title\/HamersakKeywords\" title=\"\">engleski <\/a>jezik.<\/li><li>Objavljen je posebni broj \u010dasopisa <em>Narodna umjetnost <a href=\"https:\/\/hrcak.srce.hr\/broj\/26414\">Keywording the European Irregularized Migration Regime: Reflections at\/from the Periphery<\/a>, <\/em>eds. Marijana Hamer\u0161ak i Mojca Pi\u0161kor.<\/li><li>Predstavljanje ERIMOVIH istra\u017eivanja i rezultata na znanstvenim i drugim skupovima (<a href=\"https:\/\/www.instagram.com\/p\/DQPK8iwCqIy\/\" target=\"_blank\" rel=\"noopener\" title=\"\">Banja Luka<\/a>, <a href=\"https:\/\/youtu.be\/AmkbPiTioEc?si=QjPGd0viVkElGjhw\" target=\"_blank\" rel=\"noopener\" title=\"\">Brescia<\/a>, <a href=\"https:\/\/isim.zrc-sazu.si\/en\/dogodki\/migration-categories-concepts-terminologies\" target=\"_blank\" rel=\"noopener\" title=\"\">Ljubljana<\/a>, <a href=\"https:\/\/www.go2025.eu\/en\/whats-up\/events\/borderless-museums-redefining-museum-narratives-and-inclusivity\" target=\"_blank\" rel=\"noopener\" title=\"\">Nova Gorica<\/a>, <a href=\"https:\/\/akademija.whw.hr\/professors\/bojan-mucko-and-marijana-hamersak\" target=\"_blank\" rel=\"noopener\" title=\"\">Zagreb<\/a>) i u medijima (<em>Kulturni ata\u0161e<\/em>, 3. 1. 2025; <em>Libela<\/em>, <a href=\"https:\/\/libela.org\/sa-stavom\/europska-tvrdava-nasilja-pushbackovi-na-vanjskim-granicama-eu\/\" target=\"_blank\" rel=\"noopener\" title=\"\">11. 11. 2025<\/a>;  Faktograf, <a href=\"https:\/\/faktograf.hr\/2025\/04\/03\/ljudi-u-pokretu-ni-eufemizam-ni-hiperbola-migracija\/\" target=\"_blank\" rel=\"noopener\" title=\"\">3. 4. 2025<\/a>, <a href=\"https:\/\/faktograf.hr\/2025\/10\/15\/dok-populisti-pricaju-o-invaziji-stranaca-ministar-davor-bozinovic-hvali-se-padom-broja-migranata\/\" target=\"_blank\" rel=\"noopener\" title=\"\">15. 10. 2025<\/a>, Libela, <a href=\"https:\/\/libela.org\/sa-stavom\/europska-tvrdava-nasilja-pushbackovi-na-vanjskim-granicama-eu\/?fbclid=IwY2xjawOIBlVleHRuA2FlbQIxMQBzcnRjBmFwcF9pZBAyMjIwMzkxNzg4MjAwODkyCGNhbGxzaXRlAjMwAAEenJYB_-cNhJdZ49mC811sPATjHKhPwAErOTGNXosfCu7rr4-qz7gLOJBAUec_aem_7tHu1OjAuED2jZ8yZJqFtQ\" target=\"_blank\" rel=\"noopener\" title=\"\">11. 11. 202<\/a>5; <em>Glas Slavonije<\/em>, <a href=\"https:\/\/glas-slavonije.hr\/magazin\/2025\/11\/15\/trebamo-svijet-u-kojem-ce-smrti-na-granicama-biti-nedopustive-730199\/\" target=\"_blank\" rel=\"noopener\" title=\"\">15. 11. 2025<\/a>; EstOvest Radio<a href=\"https:\/\/www.rainews.it\/tgr\/rubriche\/estovestradio\/audio\/2026\/01\/Est-Ovest-TGR-del-04012026-ace41ca7-f654-4629-bb61-13b4b37d7982.html?fbclid=IwY2xjawPKI1BleHRuA2FlbQIxMQBicmlkETB0TjVYYWdLaFFNNWlqeGxKc3J0YwZhcHBfaWQQMjIyMDM5MTc4ODIwMDg5MgABHsxctsLaMrKW37NUrVxpJ0EfYM_fZ-HlMVRDFQoClMdwVUOTbYtcMatdnv9-_aem_njekJEhcY8Q7rK_6A0sL0A\" target=\"_blank\" rel=\"noopener\" title=\"\"> 4. 1. 2026<\/a> i EstOvest <a href=\"https:\/\/www.rainews.it\/tgr\/rubriche\/estovest\/video\/2026\/01\/TGR-Estovest-del-04012026-8a42afb8-2dfd-472d-bb7e-d8a030e77c4d.html?fbclid=IwY2xjawPKIwBleHRuA2FlbQIxMQBicmlkETB0TjVYYWdLaFFNNWlqeGxKc3J0YwZhcHBfaWQQMjIyMDM5MTc4ODIwMDg5MgABHmvfFtBbpD0nYJBVS-BACez3hNHJeJSmgRwD-dfuAJCerwPtolLDreRNelok_aem_43Te_tdkeQG7UISIabWi2w\" target=\"_blank\" rel=\"noopener\" title=\"\">4. 1. 2026.<\/a>). <\/li><\/ul>\n\n\n\n<p><\/p>","protected":false},"excerpt":{"rendered":"<p>ERIM je zavr\u0161io 15. lipnja 2024. godine, ali predstavljanje rezultata njegovih istra\u017eivanja nastavilo se i nakon zavr\u0161etka projekta. Na ovoj stranici te na podstranicama aktivnosti i novosti ti bibliografija &hellip;<\/p>","protected":false},"author":2,"featured_media":0,"parent":0,"menu_order":0,"comment_status":"closed","ping_status":"closed","template":"","meta":{"_monsterinsights_skip_tracking":false,"_monsterinsights_sitenote_active":false,"_monsterinsights_sitenote_note":"","_monsterinsights_sitenote_category":0,"kk_blocks_editor_width":"","_kiokenblocks_attr":"","_kiokenblocks_dimensions":""},"aioseo_notices":[],"_links":{"self":[{"href":"https:\/\/erim.ief.hr\/en\/wp-json\/wp\/v2\/pages\/3782"}],"collection":[{"href":"https:\/\/erim.ief.hr\/en\/wp-json\/wp\/v2\/pages"}],"about":[{"href":"https:\/\/erim.ief.hr\/en\/wp-json\/wp\/v2\/types\/page"}],"author":[{"embeddable":true,"href":"https:\/\/erim.ief.hr\/en\/wp-json\/wp\/v2\/users\/2"}],"replies":[{"embeddable":true,"href":"https:\/\/erim.ief.hr\/en\/wp-json\/wp\/v2\/comments?post=3782"}],"version-history":[{"count":11,"href":"https:\/\/erim.ief.hr\/en\/wp-json\/wp\/v2\/pages\/3782\/revisions"}],"predecessor-version":[{"id":3831,"href":"https:\/\/erim.ief.hr\/en\/wp-json\/wp\/v2\/pages\/3782\/revisions\/3831"}],"wp:attachment":[{"href":"https:\/\/erim.ief.hr\/en\/wp-json\/wp\/v2\/media?parent=3782"}],"curies":[{"name":"wp","href":"https:\/\/api.w.org\/{rel}","templated":true}]}}