{"id":405,"date":"2020-02-06T00:59:27","date_gmt":"2020-02-05T23:59:27","guid":{"rendered":"http:\/\/localhost\/wp-erim\/wordpress\/?page_id=405"},"modified":"2026-01-07T06:02:54","modified_gmt":"2026-01-07T05:02:54","slug":"bibliografija","status":"publish","type":"page","link":"https:\/\/erim.ief.hr\/en\/bibliografija\/","title":{"rendered":"bibliography"},"content":{"rendered":"<h2>keywords <\/h2>\n\n\n\n<p>Hamer\u0161ak, Marijana, Iva Ple\u0161e and Tea \u0160koki\u0107, eds. 2024. <a href=\"https:\/\/www.knjigolov.hr\/katalog\/Marijana-Hamer%C5%A1ak-Iva-Ple%C5%A1e-Tea-%C5%A0koki%C4%87-(ur)\/Balkanska-ruta\/45355\" target=\"_blank\" rel=\"noreferrer noopener\"><em>Balkanska ruta. Pojmovnik europskog re\u017eima iregulariziranih migracija na periferiji EU<\/em>.<\/a> Zagreb: Sandorf = Hamer\u0161ak, Marijana, Iva Ple\u0161e and Tea \u0160koki\u0107, eds. 2026. <a href=\"https:\/\/www.berghahnbooks.com\/title\/HamersakKeywords\"><em>Keywords of the Balkan Route:&nbsp;The European Irregularized Migration Regime at the Periphery<\/em><\/a>.  Berghahn Books. Translated by Juraj \u0160utej = Hamer\u0161ak, Marijana, Iva Ple\u0161e and Tea \u0160koki\u0107 eds. in cooperation with Ur\u0161ula Lipovec \u010cebron and Jelka Zorn. 2025. <a href=\"https:\/\/ebooks.uni-lj.si\/ZalozbaUL\/catalog\/book\/804\"><em>Balkanska pot: pojmovnik evropskega re\u017eima iregulariziranih migracij na periferiji Evropske unije<\/em><\/a>. Zalo\u017eba Univerze v Ljubljani. Translated by Asja Hrvatin.<\/p>\n\n\n\n<h2>network of keywords<\/h2>\n\n\n\n<p>Platform <em><a href=\"https:\/\/e-erim.ief.hr\/\" target=\"_blank\" rel=\"noreferrer noopener\">e-ERIM<\/a>: an online network of keywords of the European irregularized migration regime at the periphery of the EU<\/em> (2022-2025)<\/p>\n\n\n\n<h2>special issues<\/h2>\n\n\n\n<p>special issue of <em><a href=\"movements: Journal for Critical Migration and Border Regime Studies 5\/1:\">movements<\/a>: Journal for Critical Migration and Border Regime Studies<\/em>, 2020,  5\/1, <a href=\"https:\/\/movemehttps:\/\/movements-journal.org\/issues\/08.balkanroute\/nts-journal.org\/issues\/08.balkanroute\/\">Frontier Within: The European Border Regime in the Balkans<\/a>, eds. Barbara Beznec, Andrej Kurnik, Marijana Hamer\u0161ak, Sabine Hess, Marc Speer and Marta Stoji\u0107 Mitrovi\u0107. <\/p>\n\n\n\n<p>special issue of <em><a href=\"https:\/\/hrcak.srce.hr\/narodna-umjetnost\">Narodna umjetnost,<\/a><\/em> 2025, 62\/2, <em><a href=\"https:\/\/hrcak.srce.hr\/broj\/26414\">Keywording the European Irregularized Migration Regime: Reflections at\/from the Periphery<\/a>, <\/em>eds. Marijana Hamer\u0161ak i Mojca Pi\u0161kor.<\/p>\n\n\n\n<h2>research articles<\/h2>\n\n\n\n<p>Hamer\u0161ak, Marijana. 2025. \u201cBiography of Someone Who Hasn\u2019t Even Lived\u201d. In <em>Mexico-US, Serbia-EU Border Lives and Works<\/em>. La\u017eeti\u0107, Marina, Carrie J. Preston and Muhammad H. Zaman, eds. New York: Anthem Press, 155-164.<\/p>\n\n\n\n<p>Pozniak, Romana. 2023. \u201c<a href=\"https:\/\/hrcak.srce.hr\/file\/450070\" target=\"_blank\" rel=\"noreferrer noopener\">Temporalnost humanitarne skrbi. Politike upravljanja vremenom u re\u017eimu migracija<\/a>\u201d. <em>Narodna umjetnost<\/em> 60\/2: 243-262.  <\/p>\n\n\n\n<p>\u0160koki\u0107, Tea. 2023. &#8220;<a href=\"https:\/\/hrcak.srce.hr\/file\/450315\" target=\"_blank\" rel=\"noreferrer noopener\">Borba nad ruinama. Napu\u0161teni objekti u Biha\u0107u kao skloni\u0161ta migranata<\/a>\u201c. <em>Etnolo\u0161ka tribina<\/em> 53\/ 46: 229-254.<\/p>\n\n\n\n<p>Hamer\u0161ak, Marijana &amp; Marta Stoji\u0107 Mitrovi\u0107. 2023. &#8220;<a href=\"https:\/\/www.ejournals.eu\/SSB\/2023\/Tom-XXXII\/art\/24229\/?fbclid=IwAR1jNWd0zsM-VMduKHtf0no-x87HL2iM7UJstj6OCdOqo4A9ulfyD_47wnA\">COVID-19 Responses and the European Border Regime in Croatia and Serbia. Spectacularizing Borders and Sovereignties<\/a>&#8220;. <em>Studia \u015arodkowoeuropejskie i Ba\u0142kanistyczne<\/em> 32: 201-226.<\/p>\n\n\n\n<p>Hamer\u0161ak, Marijana. 2023. &#8220;<a href=\"https:\/\/drive.google.com\/file\/d\/1_U5TbQdJrKq-oUG_ci9K0WvhZoaY7ym_\/view?usp=sharing\" target=\"_blank\" rel=\"noreferrer noopener\">Refugee Literatures, Documents and Fakes: Kristian Novak\u2019s <em>Gypsy, but the Fairest of them All<\/em><\/a>&#8220;. <em>In den R\u00e4ndern der Literatur: Dokument und Literatur in zentraleurop\u00e4ischen Kulturen &#8211;&nbsp;Tracing the Edges of Literature: Documentary Fiction in Central European Cultures<\/em>. Milka Car,&nbsp;Csongor L\u00f6rincz,&nbsp;Danijela Lugari\u0107 &amp;&nbsp;G\u00e1bor Tam\u00e1s Moln\u00e1r, ur. Wien: B\u00f6hlau, 97-114.<\/p>\n\n\n\n<p>Mucko, Bojan. 2023.  \u201c<a href=\"https:\/\/hrcak.srce.hr\/304263\" target=\"_blank\" rel=\"noreferrer noopener\">Humanitarka i distro. Refleksivno iz re\u017eima iregulariziranih migracija<\/a>\u201d.&nbsp; <em>Narodna umjetnost <\/em>60\/1: 163-187.<\/p>\n\n\n\n<p>Petrovi\u0107, Du\u0161ko. 2022. \u201c<a href=\"https:\/\/hrcak.srce.hr\/file\/417728\" target=\"_blank\" rel=\"noreferrer noopener\">Posrnuli suverenitet? Dva slu\u010daja posrnu\u0107a suvereniteta nacije dr\u017eave na primjeru Hrvatske<\/a>\u201d. <em>sic: \u010dasopis za knji\u017eevnost, kulturu i knji\u017eevno prevo\u0111enje<\/em> 13\/1.<\/p>\n\n\n\n<p>Lipovec \u010cebron, Ur\u0161ula &amp; Ju\u0161 \u0160kraban. 2022. \u201c<a href=\"https:\/\/ee.openlibhums.org\/article\/id\/3103\/\" target=\"_blank\" rel=\"noreferrer noopener\">Intercultural Mediation and its Conflicting Allegiances in Slovenia<\/a>\u201d. <em>Ethnologia Europaea<\/em> 52\/2: 1\u201323.<\/p>\n\n\n\n<p>Czerny, Sarah, Marijana Hamer\u0161ak, Iva Ple\u0161e &amp; Sanja Bojani\u0107. 2022. \u201e<a href=\"https:\/\/www.dropbox.com\/s\/qq5r1k3ruxzi679\/SC%20MH%20IP%20SB%202022.%20Can%20Forests%20be%20Xenophobic.pdf?dl=0\" target=\"_blank\" rel=\"noreferrer noopener\">Can the Forests be Xenophobic? Migrant Pathways through Croatia and the Forest as a Cover<\/a>\". In <em><a href=\"https:\/\/www.berghahnbooks.com\/title\/CotofanaSentient\" target=\"_blank\" rel=\"noreferrer noopener\">Sentient Ecologies. Xenophobic Imaginaries of Landscape<\/a>.<\/em> Alexandra Co\u021bofan\u0103 &amp; Hikmet Kuran, ur. New York &amp; Oxford: Berghahn Books, 211-228.<\/p>\n\n\n\n<p>Hamer\u0161ak, Marijana. 2022. \u201e<a href=\"https:\/\/www.dropbox.com\/s\/f5bkg6bgifqf9dg\/MH.%202022.%20Er%20setzte%20sich%20auf%20einen%20Sthuhl%20und%20erkl%C3%A4rte.pdf?dl=0\" target=\"_blank\" rel=\"noreferrer noopener\">&#8216;Er setzte sich auf einen Sthuhl und erkl\u00e4rte&#8217;. Textuelle Antworten von unten auf Pushbacks as EUropas R\u00e4ndern<\/a>\". In <em>Von Moria bis Hanau \u2013 Brutalisierung und Widerstand: Grenzregime IV<\/em>. Valeria H\u00e4nsel,&nbsp;Karl Heyer,&nbsp;Matthias Schmidt-Sembdner&nbsp;&amp;&nbsp;Nina V. Schwarz, ur. Berlin \u2013 Hamburg: Assoziation A, 123-141. (djelomi\u010dno = <em>Intersections: East European Journal of Society and Politics<\/em>&nbsp;(2021) 7\/2: 49-72)<\/p>\n\n\n\n<p>Hamer\u0161ak, Marijana &amp; Iva Ple\u0161e. 2022. \u201cPassing by In\/Visibly. The Lone Child in the Croatian Section of the Balkan Refugee Corridor\u201d. U <em>Children, Young People and Borders A Multidisciplinary Outlook<\/em>. Machteld Venken, Virpi Kaisto &amp; Chiara Brambilla ur. Oxon-New&nbsp;&nbsp; York: Routledge, 70-88. (= <em>Journal of Borderlands Studies <\/em>(2021)6\/2:&nbsp;219-237)<\/p>\n\n\n\n<p>Hamer\u0161ak, Marijana. 2021. &#8220;<a href=\"https:\/\/intersections.tk.mta.hu\/index.php\/intersections\/article\/view\/752\" target=\"_blank\" rel=\"noreferrer noopener\">Between Supporting and Reporting. Grassroots Textual Responses to the Pushbacks at the Fringes of EU<\/a>&#8220;. <em>Intersections: East European Journal of Society and Politics<\/em> 7\/2: 49-72.<\/p>\n\n\n\n<p>Hamer\u0161ak, Marijana &amp; Iva Ple\u0161e. 2021. \u201c<a href=\"https:\/\/drive.google.com\/file\/d\/1fjT399MxQBRBTLfryQQ6V7cDrRfb-yg_\/view?usp=sharing\" target=\"_blank\" rel=\"noreferrer noopener\">Passing by In\/Visibly. The Lone Child in the Croatian Section of the Balkan Refugee Corridor<\/a>\u201d.<em> Journal of Borderlands Studies <\/em>6\/2:&nbsp;219-237.<\/p>\n\n\n\n<p>Hamer\u0161ak, Marijana &amp; Iva Ple\u0161e. 2021. \u201e<a href=\"https:\/\/hrcak.srce.hr\/clanak\/388429\">Forest, forest, forest. <\/a><a href=\"https:\/\/hrcak.srce.hr\/clanak\/388429\" target=\"_blank\" rel=\"noreferrer noopener\">Sometimes<\/a><a href=\"https:\/\/hrcak.srce.hr\/clanak\/388429\"> we Sleep. Walking, Sleep, Walking, Sleep. It\u2019s Dangerous on this Way. Weaponized Migration Landscapes at the Outskirts of the European Union<\/a>\u201c. <em>Etnolo\u0161ka tribina<\/em> 44\/51: 204-221.<\/p>\n\n\n\n<p>Hamer\u0161ak, Marijana &amp; Marta Stoji\u0107 Mitrovi\u0107. 2021. &#8220;<a href=\"https:\/\/www.sed-drustvo.si\/publikacije\/glasnik-slovenskega-etnoloskega-drustva\/glasniki\/glasnik-slovenskega-etnoloskega-drustva-61-2-2021\" target=\"_blank\" rel=\"noreferrer noopener\">Pandemija koronavirusne bolezni in procesi omejevanja na Hrva\u0161kem in v Srbiji<\/a>&#8220;. <em>Glasnik SED-a<\/em> 61\/2: 39-44.<\/p>\n\n\n\n<p>Stoji\u0107 Mitrovi\u0107, Marta. 2021. \u201e<a href=\"https:\/\/erim.ief.hr\/en\/publikacije\/clanci\/clanak-marte-stojic-mitrovic-maloletni-migranti-na-putu-kroz-srbiju\/\" target=\"_blank\" rel=\"noreferrer noopener\">Maloletni migranti na putu kroz Srbiju. Kontekstualni i sistemski faktori<\/a>\". In <em>30 godina primene Konvencije Ujedinjenih nacija o pravima deteta. Savremeni aspekti.<\/em> Tibor Varadi i Gordana Kova\u010dek Stani\u0107, ur. Beograd: Srpska akademija nauka i umetnosti, 201\u2013224.<\/p>\n\n\n\n<p>Jovanovi\u0107, Teodora. 2021. &#8220;<a href=\"http:\/\/www.ei.sanu.ac.rs\/index.php\/gei\/article\/view\/978\/859\" target=\"_blank\" rel=\"noreferrer noopener\">Forced (Im)Mobilities En Route. \u2018Justified\u2019 Violence of the Border Regime in Balkans<\/a>&#8220;. <em>Glasnik Etnografskog instituta SANU<\/em> 69\/2: 433-455.<\/p>\n\n\n\n<p>Zorn, Jelka. 2021. &#8220;<a rel=\"noreferrer noopener\" href=\"https:\/\/www.revija-socialnodelo.si\/mma\/7_Zorn.pdf\/2021052814533627\/\" target=\"_blank\">Nasilne meje, varnostnizacija in kriminalizacija solidarnosti<\/a>&#8220;. <em>Socialno delo<\/em> 60\/2: 167-180.<\/p>\n\n\n\n<p>Zorn, Jelka. 2021. &#8220;<a href=\"http:\/\/twohomelands.zrc-sazu.si\/sl\/articles\/show\/729\/evropski-mejni-reim-tihotapljenje-ljudi-in-paradoks-kriminalizacije-solidarnosti\" target=\"_blank\" rel=\"noreferrer noopener\">Evropski mejni re\u017eim. Tihotapljenje ljudi in paradoks kriminalizacije solidarnosti<\/a>&#8220;. <em>Dve domovini \/ Two Homelands<\/em> 53\/1: 81-98.<\/p>\n\n\n\n<p>Zorn, Jelka. 2021. &#8220;<a href=\"https:\/\/www.mdpi.com\/2076-0760\/10\/5\/154\/htm\" target=\"_blank\" rel=\"noreferrer noopener\">The Case of Ahmad Shamieh\u2019s Campaign against Dublin Deportation. Embodiment of Political Violence and Community Care<\/a>&#8220;.<em> Social Sciences<\/em> 10\/5.<\/p>\n\n\n\n<p>Hamer\u0161ak, Marijana, Sabine Hess, Marc Speer &amp; Marta Stoji\u0107 Mitrovi\u0107. 2020. &#8220;<a href=\"https:\/\/movements-journal.org\/issues\/08.balkanroute\/01.hamersak,hess,stojic-mitrovic,speer--the-forging-of-the-balkan-route.html\" target=\"_blank\" rel=\"noreferrer noopener\">The Forging of the Balkan Route: Contextualizing the Border Regime in the EU Periphery<\/a>&#8220;. <em>movements: Journal for Critical Migration and Border Regime Studies<\/em> 5\/1: 9-29.<\/p>\n\n\n\n<p>Stoji\u0107 Mitrovi\u0107, Marta. 2020. \u201c<a href=\"https:\/\/hrcak.srce.hr\/file\/361433\" target=\"_blank\" rel=\"noreferrer noopener\">Izbeglice (Refugees), azilanti (Asylum Seekers) and ilegalni migranti (Illegal Migrants) in Administrative and Public Discourse in Serbia: An Overview of Concepts in a Diachronic Perspective<\/a>\u201c.<em> Narodna umjetnost: Croatian Journal of Ethnology and Folklore Research<\/em> 57\/2: 147-167.<\/p>\n\n\n\n<h3><strong>outreach articles<\/strong><\/h3>\n\n\n\n<p>Hamer\u0161ak, Marijana. 2022. \u201e<a href=\"https:\/\/hrcak.srce.hr\/file\/416906\" target=\"_blank\" rel=\"noreferrer noopener\">Interview with Jason De Le\u00f3n<\/a>\u201c. <em>Etnolo\u0161ka tribina<\/em> 45(52): 238-249<\/p>\n\n\n\n<p>Weisner, Zina i Romana Pozniak. 2022. \u201e<a href=\"https:\/\/www.routedmagazine.com\/care-counteraction-border-deaths,\" target=\"_blank\" rel=\"noreferrer noopener\">Care as Counteraction. Addressing Border Deaths at the European Union\u2019s Periphery<\/a>\u201c. <em>Routed<\/em><\/p>\n\n\n\n<p>Hamer\u0161ak, Marijana i Iva Ple\u0161e. 2022. &#8220;<a rel=\"noreferrer noopener\" href=\"https:\/\/www.bilten.org\/?p=41520&amp;fbclid=IwAR0lMRGz2CVyxZ-1GH3rKejw2rRDRw0ZZSUa-IbgOpocQICUXmVGJmxd2D4\" target=\"_blank\">\u0160uma kao naoru\u017eani krajolik<\/a>&#8220;.<em> Bilten<\/em><\/p>\n\n\n\n<p>Hamer\u0161ak, Marijana. 2022. &#8220;<a href=\"https:\/\/www.bildungswerk-boell.de\/de\/2021\/11\/17\/kroatien-lockdown-durchlaessige-grenzen-und-digitaler-aktivismus-am-suedoestlichen-rand\" target=\"_blank\" rel=\"noreferrer noopener\">Lockdown, durchl\u00e4ssige Grenzen und digitaler Aktivismus am s\u00fcd\u00f6stlichen Rand der EU<\/a>&#8220;. <em>COVID 19 \u2013 Internationale Perspektive, Herausforderungen und Solidarit\u00e4ten.<\/em><\/p>\n\n\n\n<p>Jovanovi\u0107, Teodora. 2021. &#8220;<a href=\"http:\/\/www.ei.sanu.ac.rs\/index.php\/gei\/article\/view\/985\/865\" target=\"_blank\" rel=\"noreferrer noopener\">\u041c\u0438\u0448\u0435\u043b \u0410\u0436\u0438\u0458\u0435, \u041d\u043e\u0432\u0435 \u0441\u0435\u043e\u0431\u0435 \u043d\u0430\u0440\u043e\u0434\u0430, \u043d\u043e\u0432\u0438 \u043a\u043e\u0441\u043c\u043e\u043f\u043e\u043b\u0438\u0442\u0438\u0437\u0430\u043c<\/a>&#8220;. <em>Glasnik Etnografskog instituta SANU<\/em> 69\/2: 506-508.<\/p>\n\n\n\n<p>Stoji\u0107 Mitrovi\u0107, Marta. 2021. &#8220;<a rel=\"noreferrer noopener\" href=\"https:\/\/www.at-commons.com\/2021\/07\/29\/border-spectacles-and-covid-19-from-invisibility-to-forced-encampment-of-people-on-the-move-in-serbia\/\" target=\"_blank\">Border Spectacles and COVID-19. From Invisibility to Forced Encampment of People on the Move in Serbia<\/a>&#8220;. <em>Anthropological Theory Commons<\/em>.<\/p>\n\n\n\n<p>Hamer\u0161ak, Marijana. 2021. &#8220;<a href=\"https:\/\/hrcak.srce.hr\/file\/387874\" target=\"_blank\" rel=\"noreferrer noopener\">The Balkan Route. Historical &nbsp;Transformations from Via Militaris to Autoput, Florian Riedler i Nenad &nbsp;Stefanov, ur. Walter de Gruyter GmbH, &nbsp;Berlin\/Boston 2021., 241 str<\/a>&#8220;. <em>Narodna umjetnost<\/em> 58\/2: 266-267.<\/p>\n\n\n\n<p>Lipovec \u010cebron, Ur\u0161ula. 2021. &#8220;<a href=\"https:\/\/mesanec.si\/sedem-imen-osem-nevidnih-smrti-trenutnih-politik\/\">Sedem imen. Osem nevidnih smrti trenutnih politik<\/a>&#8220;. <em>mesanec.si<\/em>. <\/p>\n\n\n\n<p>Petrovi\u0107, Du\u0161ko. 2020. &#8220;<a href=\"https:\/\/arteist.hr\/dusko-petrovic-politika-koronakrize\/\" target=\"_blank\" rel=\"noreferrer noopener\">\u010ceka li nas produbljivanje nejednakosti i bespo\u0161tedna borba za preostale resurse<\/a>&#8220;. arteist<\/p>\n\n\n\n<p><\/p>","protected":false},"excerpt":{"rendered":"<p>pojmovnik Hamer\u0161ak, Marijana, Iva Ple\u0161e i Tea \u0160koki\u0107, ur. 2024. Balkanska ruta. Pojmovnik europskog re\u017eima iregulariziranih migracija na periferiji EU. Zagreb: Sandorf = Hamer\u0161ak, Marijana, Iva Ple\u0161e i Tea &hellip;<\/p>","protected":false},"author":1,"featured_media":0,"parent":0,"menu_order":0,"comment_status":"closed","ping_status":"closed","template":"","meta":{"_monsterinsights_skip_tracking":false,"_monsterinsights_sitenote_active":false,"_monsterinsights_sitenote_note":"","_monsterinsights_sitenote_category":0,"kk_blocks_editor_width":"","_kiokenblocks_attr":"","_kiokenblocks_dimensions":""},"aioseo_notices":[],"_links":{"self":[{"href":"https:\/\/erim.ief.hr\/en\/wp-json\/wp\/v2\/pages\/405"}],"collection":[{"href":"https:\/\/erim.ief.hr\/en\/wp-json\/wp\/v2\/pages"}],"about":[{"href":"https:\/\/erim.ief.hr\/en\/wp-json\/wp\/v2\/types\/page"}],"author":[{"embeddable":true,"href":"https:\/\/erim.ief.hr\/en\/wp-json\/wp\/v2\/users\/1"}],"replies":[{"embeddable":true,"href":"https:\/\/erim.ief.hr\/en\/wp-json\/wp\/v2\/comments?post=405"}],"version-history":[{"count":55,"href":"https:\/\/erim.ief.hr\/en\/wp-json\/wp\/v2\/pages\/405\/revisions"}],"predecessor-version":[{"id":3835,"href":"https:\/\/erim.ief.hr\/en\/wp-json\/wp\/v2\/pages\/405\/revisions\/3835"}],"wp:attachment":[{"href":"https:\/\/erim.ief.hr\/en\/wp-json\/wp\/v2\/media?parent=405"}],"curies":[{"name":"wp","href":"https:\/\/api.w.org\/{rel}","templated":true}]}}